{"id":5297,"date":"2026-03-12T00:14:55","date_gmt":"2026-03-11T23:14:55","guid":{"rendered":"http:\/\/antiquariat-steinbach.com\/rarebooks\/produkt\/loewen\/"},"modified":"2026-03-12T00:14:57","modified_gmt":"2026-03-11T23:14:57","slug":"loewe-pock-alexander-loewen","status":"publish","type":"product","link":"https:\/\/antiquariat-steinbach.com\/rarebooks\/produkt\/loewe-pock-alexander-loewen\/","title":{"rendered":"L\u00f6we &#8211;   Pock, Alexander. &#8211;  L\u00f6wen."},"content":{"rendered":"<p>ca. 1920<\/p>\n<p>48 : 37 cm Mehrere Lithographien auf Karton montiert, rechts unten signiert.<\/p>\n<p>150,00 EUR<\/p>\n","protected":false},"excerpt":{"rendered":"<p>Alexander Pock (1871-1950) \u00f6sterreichischer Milit\u00e4r-, Genre- und Portraitmaler. Merere Darstellungen von L\u00f6wen auf einem Blatt montiert. &#8211; Tadellos.<\/p>\n","protected":false},"featured_media":15008,"template":"","meta":[],"product_brand":[],"product_cat":[208,153,209,98,914],"product_tag":[],"class_list":{"0":"post-5297","1":"product","2":"type-product","3":"status-publish","4":"has-post-thumbnail","6":"product_cat-dekoratives","7":"product_cat-graphik","8":"product_cat-tierabb-graphik","9":"product_cat-zoologie","10":"product_cat-zvab","12":"first","13":"instock","14":"purchasable","15":"product-type-simple"},"_links":{"self":[{"href":"https:\/\/antiquariat-steinbach.com\/rarebooks\/wp-json\/wp\/v2\/product\/5297","targetHints":{"allow":["GET"]}}],"collection":[{"href":"https:\/\/antiquariat-steinbach.com\/rarebooks\/wp-json\/wp\/v2\/product"}],"about":[{"href":"https:\/\/antiquariat-steinbach.com\/rarebooks\/wp-json\/wp\/v2\/types\/product"}],"version-history":[{"count":3,"href":"https:\/\/antiquariat-steinbach.com\/rarebooks\/wp-json\/wp\/v2\/product\/5297\/revisions"}],"predecessor-version":[{"id":20650,"href":"https:\/\/antiquariat-steinbach.com\/rarebooks\/wp-json\/wp\/v2\/product\/5297\/revisions\/20650"}],"wp:featuredmedia":[{"embeddable":true,"href":"https:\/\/antiquariat-steinbach.com\/rarebooks\/wp-json\/wp\/v2\/media\/15008"}],"wp:attachment":[{"href":"https:\/\/antiquariat-steinbach.com\/rarebooks\/wp-json\/wp\/v2\/media?parent=5297"}],"wp:term":[{"taxonomy":"product_brand","embeddable":true,"href":"https:\/\/antiquariat-steinbach.com\/rarebooks\/wp-json\/wp\/v2\/product_brand?post=5297"},{"taxonomy":"product_cat","embeddable":true,"href":"https:\/\/antiquariat-steinbach.com\/rarebooks\/wp-json\/wp\/v2\/product_cat?post=5297"},{"taxonomy":"product_tag","embeddable":true,"href":"https:\/\/antiquariat-steinbach.com\/rarebooks\/wp-json\/wp\/v2\/product_tag?post=5297"}],"curies":[{"name":"wp","href":"https:\/\/api.w.org\/{rel}","templated":true}]}}