{"id":5293,"date":"2026-03-12T00:14:55","date_gmt":"2026-03-11T23:14:55","guid":{"rendered":"http:\/\/antiquariat-steinbach.com\/rarebooks\/produkt\/mozart-auf-der-reise-nach-prag-3\/"},"modified":"2026-03-12T00:14:56","modified_gmt":"2026-03-11T23:14:56","slug":"loew-moerike-eduard-mozart-auf-der-reise-nach-prag-3","status":"publish","type":"product","link":"https:\/\/antiquariat-steinbach.com\/rarebooks\/produkt\/loew-moerike-eduard-mozart-auf-der-reise-nach-prag-3\/","title":{"rendered":"L\u00f6w &#8211;   M\u00f6rike, Eduard: &#8211;  Mozart auf der Reise nach Prag."},"content":{"rendered":"<p>Wien, Schroll o.J. (um 1920).<\/p>\n<p>11 : 8,5 cm. 123 Seiten mit 14 farbigen Original-Lithographien von Fritzi L\u00f6w. Original-Pappband mit Titelschildchen.<\/p>\n<p>18,00 EUR<\/p>\n","protected":false},"excerpt":{"rendered":"<p>Fliegende Vors\u00e4tze mit Resten von Klebspuren und einem kleinen Einri\u00df, 1. w. Blatt mit Widmung; R\u00fccken \u00fcberklebt.<\/p>\n","protected":false},"featured_media":0,"template":"","meta":[],"product_brand":[],"product_cat":[29,43,914],"product_tag":[],"class_list":{"0":"post-5293","1":"product","2":"type-product","3":"status-publish","5":"product_cat-20-jahrhundert","6":"product_cat-illustrierte-buecher","7":"product_cat-zvab","9":"first","10":"instock","11":"purchasable","12":"product-type-simple"},"_links":{"self":[{"href":"https:\/\/antiquariat-steinbach.com\/rarebooks\/wp-json\/wp\/v2\/product\/5293","targetHints":{"allow":["GET"]}}],"collection":[{"href":"https:\/\/antiquariat-steinbach.com\/rarebooks\/wp-json\/wp\/v2\/product"}],"about":[{"href":"https:\/\/antiquariat-steinbach.com\/rarebooks\/wp-json\/wp\/v2\/types\/product"}],"version-history":[{"count":3,"href":"https:\/\/antiquariat-steinbach.com\/rarebooks\/wp-json\/wp\/v2\/product\/5293\/revisions"}],"predecessor-version":[{"id":20648,"href":"https:\/\/antiquariat-steinbach.com\/rarebooks\/wp-json\/wp\/v2\/product\/5293\/revisions\/20648"}],"wp:attachment":[{"href":"https:\/\/antiquariat-steinbach.com\/rarebooks\/wp-json\/wp\/v2\/media?parent=5293"}],"wp:term":[{"taxonomy":"product_brand","embeddable":true,"href":"https:\/\/antiquariat-steinbach.com\/rarebooks\/wp-json\/wp\/v2\/product_brand?post=5293"},{"taxonomy":"product_cat","embeddable":true,"href":"https:\/\/antiquariat-steinbach.com\/rarebooks\/wp-json\/wp\/v2\/product_cat?post=5293"},{"taxonomy":"product_tag","embeddable":true,"href":"https:\/\/antiquariat-steinbach.com\/rarebooks\/wp-json\/wp\/v2\/product_tag?post=5293"}],"curies":[{"name":"wp","href":"https:\/\/api.w.org\/{rel}","templated":true}]}}