{"id":529,"date":"2026-03-12T00:00:26","date_gmt":"2026-03-11T23:00:26","guid":{"rendered":"http:\/\/antiquariat-steinbach.com\/rarebooks\/produkt\/maerchen-i-auswahl-maerchen-von-kindernund-dingen\/"},"modified":"2026-03-12T00:00:27","modified_gmt":"2026-03-11T23:00:27","slug":"andersen-hans-christian-maerchen-i-auswahl-maerchen-von-kindernund-dingen","status":"publish","type":"product","link":"https:\/\/antiquariat-steinbach.com\/rarebooks\/produkt\/andersen-hans-christian-maerchen-i-auswahl-maerchen-von-kindernund-dingen\/","title":{"rendered":"Andersen , Hans Christian. &#8211;  M\u00e4rchen. I. Auswahl. M\u00e4rchen von Kindernund Dingen."},"content":{"rendered":"<p>M\u00fcnchen, Verlag der Jugen dbl\u00e4tter, n.d.(ca. 1910)<\/p>\n<p>4. Auflage.  15,5 : 12 cm. Original half claf.<\/p>\n<p>20,00 EUR<\/p>\n","protected":false},"excerpt":{"rendered":"<p>79 pages, with some illuistrations. Original half claf. Quellen. B\u00fccher zur Freude und zur F\u00f6rderung. Herausgegeben von Heinrich Wolgast. &#8211; With mounted Exlibris &#8218;Alice Grieshaber&#8216; on front inner cover.<\/p>\n","protected":false},"featured_media":22504,"template":"","meta":[],"product_brand":[],"product_cat":[136,137,914],"product_tag":[],"class_list":{"0":"post-529","1":"product","2":"type-product","3":"status-publish","4":"has-post-thumbnail","6":"product_cat-andersen","7":"product_cat-maerchen","8":"product_cat-zvab","10":"first","11":"instock","12":"purchasable","13":"product-type-simple"},"_links":{"self":[{"href":"https:\/\/antiquariat-steinbach.com\/rarebooks\/wp-json\/wp\/v2\/product\/529","targetHints":{"allow":["GET"]}}],"collection":[{"href":"https:\/\/antiquariat-steinbach.com\/rarebooks\/wp-json\/wp\/v2\/product"}],"about":[{"href":"https:\/\/antiquariat-steinbach.com\/rarebooks\/wp-json\/wp\/v2\/types\/product"}],"version-history":[{"count":3,"href":"https:\/\/antiquariat-steinbach.com\/rarebooks\/wp-json\/wp\/v2\/product\/529\/revisions"}],"predecessor-version":[{"id":18412,"href":"https:\/\/antiquariat-steinbach.com\/rarebooks\/wp-json\/wp\/v2\/product\/529\/revisions\/18412"}],"wp:featuredmedia":[{"embeddable":true,"href":"https:\/\/antiquariat-steinbach.com\/rarebooks\/wp-json\/wp\/v2\/media\/22504"}],"wp:attachment":[{"href":"https:\/\/antiquariat-steinbach.com\/rarebooks\/wp-json\/wp\/v2\/media?parent=529"}],"wp:term":[{"taxonomy":"product_brand","embeddable":true,"href":"https:\/\/antiquariat-steinbach.com\/rarebooks\/wp-json\/wp\/v2\/product_brand?post=529"},{"taxonomy":"product_cat","embeddable":true,"href":"https:\/\/antiquariat-steinbach.com\/rarebooks\/wp-json\/wp\/v2\/product_cat?post=529"},{"taxonomy":"product_tag","embeddable":true,"href":"https:\/\/antiquariat-steinbach.com\/rarebooks\/wp-json\/wp\/v2\/product_tag?post=529"}],"curies":[{"name":"wp","href":"https:\/\/api.w.org\/{rel}","templated":true}]}}