{"id":5247,"date":"2026-03-12T00:14:48","date_gmt":"2026-03-11T23:14:48","guid":{"rendered":"http:\/\/antiquariat-steinbach.com\/rarebooks\/produkt\/aller-lueste-anfang\/"},"modified":"2026-03-12T00:14:49","modified_gmt":"2026-03-11T23:14:49","slug":"literatur-eremiten-presse-aller-lueste-anfang","status":"publish","type":"product","link":"https:\/\/antiquariat-steinbach.com\/rarebooks\/produkt\/literatur-eremiten-presse-aller-lueste-anfang\/","title":{"rendered":"Literatur Eremiten Presse &#8211;   Aller L\u00fcste Anfang."},"content":{"rendered":"<p>Stierstadt, Eremiten-Presse 1971.<\/p>\n<p>24,5 : 17,5 cm. 62 Blatt mit farbigen Bildern von K. Endrikat und W. Zimbrich. Original-Broschur.<\/p>\n<p>80,00 EUR<\/p>\n","protected":false},"excerpt":{"rendered":"<p>Eines von 200 numerierten Exemplaren der Vorzugsausgabe, Druckvermerk von den Herausgebern signiert. Auf verschiedenfarbigen Papieren gedruckt. Mit Beitr\u00e4gen von B. Brechb\u00fchl, G. Wohmann, M. von der Gr\u00fcn, W. Neuss, P. H\u00e4rtling, G. Kunert, T. Ulrichs, G. Vesper, W. Vostell, B. Winter, E. Jandl u.a. &#8211; H.-R. 251; Dittmar 80.<\/p>\n","protected":false},"featured_media":14999,"template":"","meta":[],"product_brand":[],"product_cat":[29,152,43,914],"product_tag":[],"class_list":{"0":"post-5247","1":"product","2":"type-product","3":"status-publish","4":"has-post-thumbnail","6":"product_cat-20-jahrhundert","7":"product_cat-erotica","8":"product_cat-illustrierte-buecher","9":"product_cat-zvab","11":"first","12":"instock","13":"purchasable","14":"product-type-simple"},"_links":{"self":[{"href":"https:\/\/antiquariat-steinbach.com\/rarebooks\/wp-json\/wp\/v2\/product\/5247","targetHints":{"allow":["GET"]}}],"collection":[{"href":"https:\/\/antiquariat-steinbach.com\/rarebooks\/wp-json\/wp\/v2\/product"}],"about":[{"href":"https:\/\/antiquariat-steinbach.com\/rarebooks\/wp-json\/wp\/v2\/types\/product"}],"version-history":[{"count":3,"href":"https:\/\/antiquariat-steinbach.com\/rarebooks\/wp-json\/wp\/v2\/product\/5247\/revisions"}],"predecessor-version":[{"id":20620,"href":"https:\/\/antiquariat-steinbach.com\/rarebooks\/wp-json\/wp\/v2\/product\/5247\/revisions\/20620"}],"wp:featuredmedia":[{"embeddable":true,"href":"https:\/\/antiquariat-steinbach.com\/rarebooks\/wp-json\/wp\/v2\/media\/14999"}],"wp:attachment":[{"href":"https:\/\/antiquariat-steinbach.com\/rarebooks\/wp-json\/wp\/v2\/media?parent=5247"}],"wp:term":[{"taxonomy":"product_brand","embeddable":true,"href":"https:\/\/antiquariat-steinbach.com\/rarebooks\/wp-json\/wp\/v2\/product_brand?post=5247"},{"taxonomy":"product_cat","embeddable":true,"href":"https:\/\/antiquariat-steinbach.com\/rarebooks\/wp-json\/wp\/v2\/product_cat?post=5247"},{"taxonomy":"product_tag","embeddable":true,"href":"https:\/\/antiquariat-steinbach.com\/rarebooks\/wp-json\/wp\/v2\/product_tag?post=5247"}],"curies":[{"name":"wp","href":"https:\/\/api.w.org\/{rel}","templated":true}]}}