{"id":5219,"date":"2026-03-12T00:08:04","date_gmt":"2026-03-11T23:08:04","guid":{"rendered":"http:\/\/antiquariat-steinbach.com\/rarebooks\/produkt\/planung-einer-likoerfabrik\/"},"modified":"2026-03-12T00:08:04","modified_gmt":"2026-03-11T23:08:04","slug":"gastronomie-getraenke-likoerfabrik-planung-einer-likoerfabrik","status":"publish","type":"product","link":"https:\/\/antiquariat-steinbach.com\/rarebooks\/produkt\/gastronomie-getraenke-likoerfabrik-planung-einer-likoerfabrik\/","title":{"rendered":"Gastronomie &#8211; Getr\u00e4nke &#8211;   Lik\u00f6rfabrik: &#8211;  Planung einer Lik\u00f6rfabrik."},"content":{"rendered":"<p>\u00d6sterreich, 1950-1951.<\/p>\n<p>30,5 : 21,5 cm. 20 maschinenschriftliche Blatt 9 mehrfach gefaltete Pl\u00e4ne. Leinenband.<\/p>\n<p>180,00 EUR<\/p>\n","protected":false},"excerpt":{"rendered":"<p>Planung einer Lik\u00f6rfabrik: Produktionsgeb\u00e4ude, Lager, Maschinen, Kostenkalkulation usw. Die Pl\u00e4ne zeigen Geb\u00e4ude, Produktionsanlagen usw.<\/p>\n","protected":false},"featured_media":24217,"template":"","meta":[],"product_brand":[],"product_cat":[58,80,77,914],"product_tag":[],"class_list":{"0":"post-5219","1":"product","2":"type-product","3":"status-publish","4":"has-post-thumbnail","6":"product_cat-gastronomie","7":"product_cat-getraenke","8":"product_cat-technik","9":"product_cat-zvab","11":"first","12":"instock","13":"purchasable","14":"product-type-simple"},"_links":{"self":[{"href":"https:\/\/antiquariat-steinbach.com\/rarebooks\/wp-json\/wp\/v2\/product\/5219","targetHints":{"allow":["GET"]}}],"collection":[{"href":"https:\/\/antiquariat-steinbach.com\/rarebooks\/wp-json\/wp\/v2\/product"}],"about":[{"href":"https:\/\/antiquariat-steinbach.com\/rarebooks\/wp-json\/wp\/v2\/types\/product"}],"version-history":[{"count":4,"href":"https:\/\/antiquariat-steinbach.com\/rarebooks\/wp-json\/wp\/v2\/product\/5219\/revisions"}],"predecessor-version":[{"id":24216,"href":"https:\/\/antiquariat-steinbach.com\/rarebooks\/wp-json\/wp\/v2\/product\/5219\/revisions\/24216"}],"wp:featuredmedia":[{"embeddable":true,"href":"https:\/\/antiquariat-steinbach.com\/rarebooks\/wp-json\/wp\/v2\/media\/24217"}],"wp:attachment":[{"href":"https:\/\/antiquariat-steinbach.com\/rarebooks\/wp-json\/wp\/v2\/media?parent=5219"}],"wp:term":[{"taxonomy":"product_brand","embeddable":true,"href":"https:\/\/antiquariat-steinbach.com\/rarebooks\/wp-json\/wp\/v2\/product_brand?post=5219"},{"taxonomy":"product_cat","embeddable":true,"href":"https:\/\/antiquariat-steinbach.com\/rarebooks\/wp-json\/wp\/v2\/product_cat?post=5219"},{"taxonomy":"product_tag","embeddable":true,"href":"https:\/\/antiquariat-steinbach.com\/rarebooks\/wp-json\/wp\/v2\/product_tag?post=5219"}],"curies":[{"name":"wp","href":"https:\/\/api.w.org\/{rel}","templated":true}]}}