{"id":5217,"date":"2026-03-12T00:14:37","date_gmt":"2026-03-11T23:14:37","guid":{"rendered":"http:\/\/antiquariat-steinbach.com\/rarebooks\/produkt\/fabrikbeleuchtung-lightning-of-factories-ein-leitfaden-der-arbeitsstaeaetenbeleuchtung-fuer-arckitekten-fabricanten-gewerbehygieniker-ingenieure-und-installateure\/"},"modified":"2026-03-12T00:14:39","modified_gmt":"2026-03-11T23:14:39","slug":"lighting-halbertsma-n-a-fabrikbeleuchtung-lightning-of-factories-ein-leitfaden-der-arbeitsstaeaetenbeleuchtung-fuer-arckitekten-fabricanten-gewerbehygieniker-ingenieure-und-installateu","status":"publish","type":"product","link":"https:\/\/antiquariat-steinbach.com\/rarebooks\/produkt\/lighting-halbertsma-n-a-fabrikbeleuchtung-lightning-of-factories-ein-leitfaden-der-arbeitsstaeaetenbeleuchtung-fuer-arckitekten-fabricanten-gewerbehygieniker-ingenieure-und-installateu\/","title":{"rendered":"Lighting &#8211;   Halbertsma, N.A. &#8211;  Fabrikbeleuchtung. (Lightning of factories.) Ein Leitfaden der Arbeitsst\u00e4\u00e4tenbeleuchtung f\u00fcr Arckitekten, Fabricanten, Gewerbehygieniker, Ingenieure und Installateure."},"content":{"rendered":"<p>Munich and Berln, Oldenbourg, 1918.<\/p>\n<p>21,5 : 14 cm. VII, 201 pages with 122 illustrations in the text. Original cloth.<\/p>\n<p>30,00 EUR<\/p>\n","protected":false},"excerpt":{"rendered":"<p>First edition. &#8211; Extensive work about the lightening of factories and similar buildings. Richly illustrated. &#8211;  Ca 2 cm from upper title-page missing. &#8211; Oldebnbourgs technische Handbibliothek, Vol. XXI.<\/p>\n","protected":false},"featured_media":26257,"template":"","meta":[],"product_brand":[],"product_cat":[48,706,54,77,914],"product_tag":[],"class_list":{"0":"post-5217","1":"product","2":"type-product","3":"status-publish","4":"has-post-thumbnail","6":"product_cat-architektur","7":"product_cat-elektrizitaet","8":"product_cat-eyewear","9":"product_cat-technik","10":"product_cat-zvab","12":"first","13":"instock","14":"purchasable","15":"product-type-simple"},"_links":{"self":[{"href":"https:\/\/antiquariat-steinbach.com\/rarebooks\/wp-json\/wp\/v2\/product\/5217","targetHints":{"allow":["GET"]}}],"collection":[{"href":"https:\/\/antiquariat-steinbach.com\/rarebooks\/wp-json\/wp\/v2\/product"}],"about":[{"href":"https:\/\/antiquariat-steinbach.com\/rarebooks\/wp-json\/wp\/v2\/types\/product"}],"version-history":[{"count":4,"href":"https:\/\/antiquariat-steinbach.com\/rarebooks\/wp-json\/wp\/v2\/product\/5217\/revisions"}],"predecessor-version":[{"id":27829,"href":"https:\/\/antiquariat-steinbach.com\/rarebooks\/wp-json\/wp\/v2\/product\/5217\/revisions\/27829"}],"wp:featuredmedia":[{"embeddable":true,"href":"https:\/\/antiquariat-steinbach.com\/rarebooks\/wp-json\/wp\/v2\/media\/26257"}],"wp:attachment":[{"href":"https:\/\/antiquariat-steinbach.com\/rarebooks\/wp-json\/wp\/v2\/media?parent=5217"}],"wp:term":[{"taxonomy":"product_brand","embeddable":true,"href":"https:\/\/antiquariat-steinbach.com\/rarebooks\/wp-json\/wp\/v2\/product_brand?post=5217"},{"taxonomy":"product_cat","embeddable":true,"href":"https:\/\/antiquariat-steinbach.com\/rarebooks\/wp-json\/wp\/v2\/product_cat?post=5217"},{"taxonomy":"product_tag","embeddable":true,"href":"https:\/\/antiquariat-steinbach.com\/rarebooks\/wp-json\/wp\/v2\/product_tag?post=5217"}],"curies":[{"name":"wp","href":"https:\/\/api.w.org\/{rel}","templated":true}]}}