{"id":5189,"date":"2026-03-12T00:14:35","date_gmt":"2026-03-11T23:14:35","guid":{"rendered":"http:\/\/antiquariat-steinbach.com\/rarebooks\/produkt\/deutsche-burschenschaft-lichtenstein-zu-wien\/"},"modified":"2026-03-12T00:14:36","modified_gmt":"2026-03-11T23:14:36","slug":"lichtenstein-deutsche-burschenschaft-lichtenstein-zu-wien","status":"publish","type":"product","link":"https:\/\/antiquariat-steinbach.com\/rarebooks\/produkt\/lichtenstein-deutsche-burschenschaft-lichtenstein-zu-wien\/","title":{"rendered":"Lichtenstein: &#8211;  Deutsche Burschenschaft Lichtenstein zu Wien."},"content":{"rendered":"<p>Wien, 1934<\/p>\n<p>18 : 14,5 cm. 28 beschriebene, 62 wei\u00dfe Blatt mit 10 teils farbigen Tafeln in verschiedenen Techniken. Halbleinenband der Zeit.<\/p>\n<p>350,00 EUR<\/p>\n","protected":false},"excerpt":{"rendered":"<p>Anwesenheitsbuch der Burschenschaft. Jeweils mit illustrierten Titeln f\u00fcr die Veranstaltungen: 1. Stiftungsfest, Julfest 2044; Semesterantrittskneipe 5. Lenzmonat, 2045;Julfest 2045 mit Portr\u00e4t Bismarcks in Bleistift; 2. Stiftungsfest 2046; D\u00e4mmerschoppen; W\u00fcrstel Abend 27.7.2046 etc.Jeweils nach den Zeichnungen die Unterschriften der Teilnehmer (auch Damen). &#8211; Titel mit erg\u00e4nztem Streifen und mit Rotstift &#8218;Lichtenstein&#8216; eingesetzt, darunter Stempel: &#8218;Deutsche Bschft. &#8222;Li chtenstein&#8220; Wien. In der Mitte Monogramm.<\/p>\n","protected":false},"featured_media":16334,"template":"","meta":[],"product_brand":[],"product_cat":[460,147,458,90,914],"product_tag":[],"class_list":{"0":"post-5189","1":"product","2":"type-product","3":"status-publish","4":"has-post-thumbnail","6":"product_cat-handschriften","7":"product_cat-manuskripte","8":"product_cat-studentica","9":"product_cat-viennensia","10":"product_cat-zvab","12":"first","13":"instock","14":"purchasable","15":"product-type-simple"},"_links":{"self":[{"href":"https:\/\/antiquariat-steinbach.com\/rarebooks\/wp-json\/wp\/v2\/product\/5189","targetHints":{"allow":["GET"]}}],"collection":[{"href":"https:\/\/antiquariat-steinbach.com\/rarebooks\/wp-json\/wp\/v2\/product"}],"about":[{"href":"https:\/\/antiquariat-steinbach.com\/rarebooks\/wp-json\/wp\/v2\/types\/product"}],"version-history":[{"count":6,"href":"https:\/\/antiquariat-steinbach.com\/rarebooks\/wp-json\/wp\/v2\/product\/5189\/revisions"}],"predecessor-version":[{"id":26717,"href":"https:\/\/antiquariat-steinbach.com\/rarebooks\/wp-json\/wp\/v2\/product\/5189\/revisions\/26717"}],"wp:featuredmedia":[{"embeddable":true,"href":"https:\/\/antiquariat-steinbach.com\/rarebooks\/wp-json\/wp\/v2\/media\/16334"}],"wp:attachment":[{"href":"https:\/\/antiquariat-steinbach.com\/rarebooks\/wp-json\/wp\/v2\/media?parent=5189"}],"wp:term":[{"taxonomy":"product_brand","embeddable":true,"href":"https:\/\/antiquariat-steinbach.com\/rarebooks\/wp-json\/wp\/v2\/product_brand?post=5189"},{"taxonomy":"product_cat","embeddable":true,"href":"https:\/\/antiquariat-steinbach.com\/rarebooks\/wp-json\/wp\/v2\/product_cat?post=5189"},{"taxonomy":"product_tag","embeddable":true,"href":"https:\/\/antiquariat-steinbach.com\/rarebooks\/wp-json\/wp\/v2\/product_tag?post=5189"}],"curies":[{"name":"wp","href":"https:\/\/api.w.org\/{rel}","templated":true}]}}