{"id":5177,"date":"2026-03-12T00:14:33","date_gmt":"2026-03-11T23:14:33","guid":{"rendered":"http:\/\/antiquariat-steinbach.com\/rarebooks\/produkt\/die-maerchen-der-weltliteratur\/"},"modified":"2026-03-12T00:14:35","modified_gmt":"2026-03-11T23:14:35","slug":"leyen-friedrich-von-der-und-paul-zaunert-die-maerchen-der-weltliteratur","status":"publish","type":"product","link":"https:\/\/antiquariat-steinbach.com\/rarebooks\/produkt\/leyen-friedrich-von-der-und-paul-zaunert-die-maerchen-der-weltliteratur\/","title":{"rendered":"Leyen, Friedrich von der und Paul Zaunert: &#8211;  Die M\u00e4rchen der Weltliteratur."},"content":{"rendered":"<p>Jena, Diederichs 1912- 1928.<\/p>\n<p>19 B\u00e4nde der Reihe. 19,5 : 12,5 cm. Teils mit Tafeln, Abbildungen und Buchschmuck. Farbig illustrierte Original-Pappb\u00e4nde (17) und farbig illustrierte Original-Halbleinenb\u00e4nde.<\/p>\n<p>780,00 EUR<\/p>\n","protected":false},"excerpt":{"rendered":"<p>Sch\u00f6ne Reihe der beliebten M\u00e4rchensammlung, hier in den Original-Ausgaben, meist in ersten Auflagen und mit der Buchausstattung von F.H.Ehmcke. Vorhanden sind die folgenden M\u00e4rchen: Alt-\u00c4gyptische, buddhistische, finnische und estnische, franz\u00f6sische (2 B\u00e4nde), Indianer-M\u00e4rchen aus Nordamerika, Indianer-M\u00e4rchen aus S\u00fcdamerika, indische, irische, isl\u00e4ndische, lettisch-litauische, M\u00e4rchen der Azteken, Inka, Maya und Muiska, M\u00e4rchen aus dem Balkan, M\u00e4rchen aus dem Donaulande, M\u00e4rchen aus Turkestan und Tibet, Platt-Deutsche Volks-M\u00e4rchen, spanische und portugiesische, t\u00fcrkische, Zigeuner-M\u00e4rchen. &#8211; Die B\u00e4nde meist nur gering berieben, 4 B\u00e4nde mit kleinen R\u00fcckensch\u00e4den, sonst gut erhalten.<\/p>\n","protected":false},"featured_media":14987,"template":"","meta":[],"product_brand":[],"product_cat":[60,137,914],"product_tag":[],"class_list":{"0":"post-5177","1":"product","2":"type-product","3":"status-publish","4":"has-post-thumbnail","6":"product_cat-kinderbuecher","7":"product_cat-maerchen","8":"product_cat-zvab","10":"first","11":"instock","12":"purchasable","13":"product-type-simple"},"_links":{"self":[{"href":"https:\/\/antiquariat-steinbach.com\/rarebooks\/wp-json\/wp\/v2\/product\/5177","targetHints":{"allow":["GET"]}}],"collection":[{"href":"https:\/\/antiquariat-steinbach.com\/rarebooks\/wp-json\/wp\/v2\/product"}],"about":[{"href":"https:\/\/antiquariat-steinbach.com\/rarebooks\/wp-json\/wp\/v2\/types\/product"}],"version-history":[{"count":3,"href":"https:\/\/antiquariat-steinbach.com\/rarebooks\/wp-json\/wp\/v2\/product\/5177\/revisions"}],"predecessor-version":[{"id":20585,"href":"https:\/\/antiquariat-steinbach.com\/rarebooks\/wp-json\/wp\/v2\/product\/5177\/revisions\/20585"}],"wp:featuredmedia":[{"embeddable":true,"href":"https:\/\/antiquariat-steinbach.com\/rarebooks\/wp-json\/wp\/v2\/media\/14987"}],"wp:attachment":[{"href":"https:\/\/antiquariat-steinbach.com\/rarebooks\/wp-json\/wp\/v2\/media?parent=5177"}],"wp:term":[{"taxonomy":"product_brand","embeddable":true,"href":"https:\/\/antiquariat-steinbach.com\/rarebooks\/wp-json\/wp\/v2\/product_brand?post=5177"},{"taxonomy":"product_cat","embeddable":true,"href":"https:\/\/antiquariat-steinbach.com\/rarebooks\/wp-json\/wp\/v2\/product_cat?post=5177"},{"taxonomy":"product_tag","embeddable":true,"href":"https:\/\/antiquariat-steinbach.com\/rarebooks\/wp-json\/wp\/v2\/product_tag?post=5177"}],"curies":[{"name":"wp","href":"https:\/\/api.w.org\/{rel}","templated":true}]}}