{"id":515,"date":"2026-03-12T00:00:24","date_gmt":"2026-03-11T23:00:24","guid":{"rendered":"http:\/\/antiquariat-steinbach.com\/rarebooks\/produkt\/amerikanischer-agriculturist\/"},"modified":"2026-03-12T00:00:26","modified_gmt":"2026-03-11T23:00:26","slug":"amerikanischer-agriculturist","status":"publish","type":"product","link":"https:\/\/antiquariat-steinbach.com\/rarebooks\/produkt\/amerikanischer-agriculturist\/","title":{"rendered":"Amerikanischer Agriculturist."},"content":{"rendered":"<p>New York, Judd 1886.<\/p>\n<p>12 Hefte in 1 Band. 30,5 : 23,5 cm. Titel, 384 Seiten mit sehr vielen, teils ganzseitigen Holzstichen. Moderner Halbleinenband.<\/p>\n<p>80,00 EUR<\/p>\n","protected":false},"excerpt":{"rendered":"<p>Gewidmet der Farm, dem Garten und der Haushaltung. Steht unter dem Motto George Washingtons &#8222;Der Landbau ist die gesundeste, die n\u00fctzlichste und die edelste Besch\u00e4ftigung des Mannes&#8220;. Die Holzstiche zeigen Tiere, landwirtschaftliche Ger\u00e4te, Pflanzen, Bauernh\u00f6fe etc.<\/p>\n","protected":false},"featured_media":27540,"template":"","meta":[],"product_brand":[],"product_cat":[130,128,127,914],"product_tag":[],"class_list":{"0":"post-515","1":"product","2":"type-product","3":"status-publish","4":"has-post-thumbnail","6":"product_cat-abe","7":"product_cat-amerika","8":"product_cat-landwirtschaft","9":"product_cat-zvab","11":"first","12":"instock","13":"purchasable","14":"product-type-simple"},"_links":{"self":[{"href":"https:\/\/antiquariat-steinbach.com\/rarebooks\/wp-json\/wp\/v2\/product\/515","targetHints":{"allow":["GET"]}}],"collection":[{"href":"https:\/\/antiquariat-steinbach.com\/rarebooks\/wp-json\/wp\/v2\/product"}],"about":[{"href":"https:\/\/antiquariat-steinbach.com\/rarebooks\/wp-json\/wp\/v2\/types\/product"}],"version-history":[{"count":2,"href":"https:\/\/antiquariat-steinbach.com\/rarebooks\/wp-json\/wp\/v2\/product\/515\/revisions"}],"predecessor-version":[{"id":9635,"href":"https:\/\/antiquariat-steinbach.com\/rarebooks\/wp-json\/wp\/v2\/product\/515\/revisions\/9635"}],"wp:featuredmedia":[{"embeddable":true,"href":"https:\/\/antiquariat-steinbach.com\/rarebooks\/wp-json\/wp\/v2\/media\/27540"}],"wp:attachment":[{"href":"https:\/\/antiquariat-steinbach.com\/rarebooks\/wp-json\/wp\/v2\/media?parent=515"}],"wp:term":[{"taxonomy":"product_brand","embeddable":true,"href":"https:\/\/antiquariat-steinbach.com\/rarebooks\/wp-json\/wp\/v2\/product_brand?post=515"},{"taxonomy":"product_cat","embeddable":true,"href":"https:\/\/antiquariat-steinbach.com\/rarebooks\/wp-json\/wp\/v2\/product_cat?post=515"},{"taxonomy":"product_tag","embeddable":true,"href":"https:\/\/antiquariat-steinbach.com\/rarebooks\/wp-json\/wp\/v2\/product_tag?post=515"}],"curies":[{"name":"wp","href":"https:\/\/api.w.org\/{rel}","templated":true}]}}