{"id":5139,"date":"2026-03-12T00:14:31","date_gmt":"2026-03-11T23:14:31","guid":{"rendered":"http:\/\/antiquariat-steinbach.com\/rarebooks\/produkt\/gesammelte-schriften-2\/"},"modified":"2026-03-12T00:14:32","modified_gmt":"2026-03-11T23:14:32","slug":"lenz-jakob-michael-reinhold-gesammelte-schriften","status":"publish","type":"product","link":"https:\/\/antiquariat-steinbach.com\/rarebooks\/produkt\/lenz-jakob-michael-reinhold-gesammelte-schriften\/","title":{"rendered":"Lenz, Jak(ob) Mich(ael) Reinh(old): &#8211;  Gesammelte Schriften."},"content":{"rendered":"<p>M\u00fcnchen und Leipzig, Georg M\u00fcller 1909-1913.<\/p>\n<p>5 B\u00e4nde. 22,5 : 15 cm. Schwarze Original-Halblederb\u00e4nde, R\u00fcckentitel in Gold.<\/p>\n<p>550,00 EUR<\/p>\n","protected":false},"excerpt":{"rendered":"<p>Lenz&#8216; Schriften in der gesuchten Georg-M\u00fcller-Ausgabe. Numeriertes Exemplar einer kleinen Auflage. Titel und Einband von Paul Renner. &#8211; R\u00fccken teils gering fleckig, sonst sch\u00f6nes Exemplar.<\/p>\n","protected":false},"featured_media":14984,"template":"","meta":[],"product_brand":[],"product_cat":[29,32,914],"product_tag":[],"class_list":{"0":"post-5139","1":"product","2":"type-product","3":"status-publish","4":"has-post-thumbnail","6":"product_cat-20-jahrhundert","7":"product_cat-literatur","8":"product_cat-zvab","10":"first","11":"instock","12":"purchasable","13":"product-type-simple"},"_links":{"self":[{"href":"https:\/\/antiquariat-steinbach.com\/rarebooks\/wp-json\/wp\/v2\/product\/5139","targetHints":{"allow":["GET"]}}],"collection":[{"href":"https:\/\/antiquariat-steinbach.com\/rarebooks\/wp-json\/wp\/v2\/product"}],"about":[{"href":"https:\/\/antiquariat-steinbach.com\/rarebooks\/wp-json\/wp\/v2\/types\/product"}],"version-history":[{"count":3,"href":"https:\/\/antiquariat-steinbach.com\/rarebooks\/wp-json\/wp\/v2\/product\/5139\/revisions"}],"predecessor-version":[{"id":20565,"href":"https:\/\/antiquariat-steinbach.com\/rarebooks\/wp-json\/wp\/v2\/product\/5139\/revisions\/20565"}],"wp:featuredmedia":[{"embeddable":true,"href":"https:\/\/antiquariat-steinbach.com\/rarebooks\/wp-json\/wp\/v2\/media\/14984"}],"wp:attachment":[{"href":"https:\/\/antiquariat-steinbach.com\/rarebooks\/wp-json\/wp\/v2\/media?parent=5139"}],"wp:term":[{"taxonomy":"product_brand","embeddable":true,"href":"https:\/\/antiquariat-steinbach.com\/rarebooks\/wp-json\/wp\/v2\/product_brand?post=5139"},{"taxonomy":"product_cat","embeddable":true,"href":"https:\/\/antiquariat-steinbach.com\/rarebooks\/wp-json\/wp\/v2\/product_cat?post=5139"},{"taxonomy":"product_tag","embeddable":true,"href":"https:\/\/antiquariat-steinbach.com\/rarebooks\/wp-json\/wp\/v2\/product_tag?post=5139"}],"curies":[{"name":"wp","href":"https:\/\/api.w.org\/{rel}","templated":true}]}}