{"id":5123,"date":"2026-03-12T00:14:29","date_gmt":"2026-03-11T23:14:29","guid":{"rendered":"http:\/\/antiquariat-steinbach.com\/rarebooks\/produkt\/der-echte-spanier-oder-anweisung-zur-gruendlichen-erlernung-der-spanischen-sprache\/"},"modified":"2026-03-12T00:14:31","modified_gmt":"2026-03-11T23:14:31","slug":"lenguaje-gomez-de-mier-jose-eusebio-der-echte-spanier-oder-anweisung-zur-gruendlichen-erlernung-der-spanischen-sprache","status":"publish","type":"product","link":"https:\/\/antiquariat-steinbach.com\/rarebooks\/produkt\/lenguaje-gomez-de-mier-jose-eusebio-der-echte-spanier-oder-anweisung-zur-gruendlichen-erlernung-der-spanischen-sprache\/","title":{"rendered":"Lenguaje &#8211;   Gomez de Mier, Jos\u00e9 Eusebio: &#8211;  Der echte Spanier oder Anweisung zur gr\u00fcndlichen Erlernung der spanischen Sprache."},"content":{"rendered":"<p>Hamburgo, Herold 1854.<\/p>\n<p>5. edici\u00f3n. 23 : 14,5 cm. XX, 563 p\u00e1ginas Medio piel de ep\u00f3ca, lomo dorado.<\/p>\n<p>25,00 EUR<\/p>\n","protected":false},"excerpt":{"rendered":"<p>Popular libro para aprender el Espa\u00f1ol, escrito por un Espa\u00f1ol. &#8211; Titulo con un peque\u00f1o agujero, lomo un poco rozado.<\/p>\n","protected":false},"featured_media":17181,"template":"","meta":[],"product_brand":[],"product_cat":[102,148,914],"product_tag":[],"class_list":{"0":"post-5123","1":"product","2":"type-product","3":"status-publish","4":"has-post-thumbnail","6":"product_cat-literaturwissenschaft","7":"product_cat-spanien","8":"product_cat-zvab","10":"first","11":"instock","12":"purchasable","13":"product-type-simple"},"_links":{"self":[{"href":"https:\/\/antiquariat-steinbach.com\/rarebooks\/wp-json\/wp\/v2\/product\/5123","targetHints":{"allow":["GET"]}}],"collection":[{"href":"https:\/\/antiquariat-steinbach.com\/rarebooks\/wp-json\/wp\/v2\/product"}],"about":[{"href":"https:\/\/antiquariat-steinbach.com\/rarebooks\/wp-json\/wp\/v2\/types\/product"}],"version-history":[{"count":4,"href":"https:\/\/antiquariat-steinbach.com\/rarebooks\/wp-json\/wp\/v2\/product\/5123\/revisions"}],"predecessor-version":[{"id":20558,"href":"https:\/\/antiquariat-steinbach.com\/rarebooks\/wp-json\/wp\/v2\/product\/5123\/revisions\/20558"}],"wp:featuredmedia":[{"embeddable":true,"href":"https:\/\/antiquariat-steinbach.com\/rarebooks\/wp-json\/wp\/v2\/media\/17181"}],"wp:attachment":[{"href":"https:\/\/antiquariat-steinbach.com\/rarebooks\/wp-json\/wp\/v2\/media?parent=5123"}],"wp:term":[{"taxonomy":"product_brand","embeddable":true,"href":"https:\/\/antiquariat-steinbach.com\/rarebooks\/wp-json\/wp\/v2\/product_brand?post=5123"},{"taxonomy":"product_cat","embeddable":true,"href":"https:\/\/antiquariat-steinbach.com\/rarebooks\/wp-json\/wp\/v2\/product_cat?post=5123"},{"taxonomy":"product_tag","embeddable":true,"href":"https:\/\/antiquariat-steinbach.com\/rarebooks\/wp-json\/wp\/v2\/product_tag?post=5123"}],"curies":[{"name":"wp","href":"https:\/\/api.w.org\/{rel}","templated":true}]}}