{"id":5121,"date":"2026-03-12T00:14:29","date_gmt":"2026-03-11T23:14:29","guid":{"rendered":"http:\/\/antiquariat-steinbach.com\/rarebooks\/produkt\/vollstaendige-spanische-sprachlehre-nebst-einer-abhandlung-ueber-die-prosodie-und-einem-verzeichnisse-sinnverwandter-woerter\/"},"modified":"2026-03-12T00:14:31","modified_gmt":"2026-03-11T23:14:31","slug":"lenguaje-fromm-j-b-vollstaendige-spanische-sprachlehre-nebst-einer-abhandlung-ueber-die-prosodie-und-einem-verzeichnisse-sinnverwandter-woerter","status":"publish","type":"product","link":"https:\/\/antiquariat-steinbach.com\/rarebooks\/produkt\/lenguaje-fromm-j-b-vollstaendige-spanische-sprachlehre-nebst-einer-abhandlung-ueber-die-prosodie-und-einem-verzeichnisse-sinnverwandter-woerter\/","title":{"rendered":"Lenguaje &#8211;   Fromm, J.B.: &#8211;  Vollst\u00e4ndige spanische Sprachlehre, nebst einer Abhandlung \u00fcber die Prosodie und einem Verzeichnisse sinnverwandter W\u00f6rter."},"content":{"rendered":"<p>Dresden y Leipzig, Arnold, 1826.<\/p>\n<p>21,5 : 13 cm. VIII, 502 p\u00e1ginas Encuadernaci\u00f3n original de media piel, lomo dorado, tejuelo.<\/p>\n<p>90,00 EUR<\/p>\n","protected":false},"excerpt":{"rendered":"<p>El editor era maestro de la esposa del rey de Espa\u00f1a.<\/p>\n","protected":false},"featured_media":17179,"template":"","meta":[],"product_brand":[],"product_cat":[705,148,413,914],"product_tag":[],"class_list":{"0":"post-5121","1":"product","2":"type-product","3":"status-publish","4":"has-post-thumbnail","6":"product_cat-lexika","7":"product_cat-spanien","8":"product_cat-woerterbuecher","9":"product_cat-zvab","11":"first","12":"instock","13":"purchasable","14":"product-type-simple"},"_links":{"self":[{"href":"https:\/\/antiquariat-steinbach.com\/rarebooks\/wp-json\/wp\/v2\/product\/5121","targetHints":{"allow":["GET"]}}],"collection":[{"href":"https:\/\/antiquariat-steinbach.com\/rarebooks\/wp-json\/wp\/v2\/product"}],"about":[{"href":"https:\/\/antiquariat-steinbach.com\/rarebooks\/wp-json\/wp\/v2\/types\/product"}],"version-history":[{"count":3,"href":"https:\/\/antiquariat-steinbach.com\/rarebooks\/wp-json\/wp\/v2\/product\/5121\/revisions"}],"predecessor-version":[{"id":20557,"href":"https:\/\/antiquariat-steinbach.com\/rarebooks\/wp-json\/wp\/v2\/product\/5121\/revisions\/20557"}],"wp:featuredmedia":[{"embeddable":true,"href":"https:\/\/antiquariat-steinbach.com\/rarebooks\/wp-json\/wp\/v2\/media\/17179"}],"wp:attachment":[{"href":"https:\/\/antiquariat-steinbach.com\/rarebooks\/wp-json\/wp\/v2\/media?parent=5121"}],"wp:term":[{"taxonomy":"product_brand","embeddable":true,"href":"https:\/\/antiquariat-steinbach.com\/rarebooks\/wp-json\/wp\/v2\/product_brand?post=5121"},{"taxonomy":"product_cat","embeddable":true,"href":"https:\/\/antiquariat-steinbach.com\/rarebooks\/wp-json\/wp\/v2\/product_cat?post=5121"},{"taxonomy":"product_tag","embeddable":true,"href":"https:\/\/antiquariat-steinbach.com\/rarebooks\/wp-json\/wp\/v2\/product_tag?post=5121"}],"curies":[{"name":"wp","href":"https:\/\/api.w.org\/{rel}","templated":true}]}}