{"id":5111,"date":"2026-03-12T00:08:04","date_gmt":"2026-03-11T23:08:04","guid":{"rendered":"http:\/\/antiquariat-steinbach.com\/rarebooks\/produkt\/schoener-kochen\/"},"modified":"2026-03-12T00:08:05","modified_gmt":"2026-03-11T23:08:05","slug":"gastronomie-kochbuecher-lena-birte-schoener-kochen","status":"publish","type":"product","link":"https:\/\/antiquariat-steinbach.com\/rarebooks\/produkt\/gastronomie-kochbuecher-lena-birte-schoener-kochen\/","title":{"rendered":"Gastronomie &#8211; Kochb\u00fccher &#8211;   Lena, Birte: &#8211;  Sch\u00f6ner Kochen."},"content":{"rendered":"<p>(D\u00fcsseldorf), Eremiten-Presse (1974).<\/p>\n<p>29,5 : 21 cm. Mit 52 Illustrationen von Birte Lena. Illustrierter Original-Karton.<\/p>\n<p>15,00 EUR<\/p>\n","protected":false},"excerpt":{"rendered":"<p>Eines von 200 numerierten Exemplaren der Vorzugsausgabe. Druckvermerk von der K\u00fcnstlerin und vom Dichter signiert.<\/p>\n","protected":false},"featured_media":24222,"template":"","meta":[],"product_brand":[],"product_cat":[29,58,43,914],"product_tag":[],"class_list":{"0":"post-5111","1":"product","2":"type-product","3":"status-publish","4":"has-post-thumbnail","6":"product_cat-20-jahrhundert","7":"product_cat-gastronomie","8":"product_cat-illustrierte-buecher","9":"product_cat-zvab","11":"first","12":"instock","13":"purchasable","14":"product-type-simple"},"_links":{"self":[{"href":"https:\/\/antiquariat-steinbach.com\/rarebooks\/wp-json\/wp\/v2\/product\/5111","targetHints":{"allow":["GET"]}}],"collection":[{"href":"https:\/\/antiquariat-steinbach.com\/rarebooks\/wp-json\/wp\/v2\/product"}],"about":[{"href":"https:\/\/antiquariat-steinbach.com\/rarebooks\/wp-json\/wp\/v2\/types\/product"}],"version-history":[{"count":4,"href":"https:\/\/antiquariat-steinbach.com\/rarebooks\/wp-json\/wp\/v2\/product\/5111\/revisions"}],"predecessor-version":[{"id":24221,"href":"https:\/\/antiquariat-steinbach.com\/rarebooks\/wp-json\/wp\/v2\/product\/5111\/revisions\/24221"}],"wp:featuredmedia":[{"embeddable":true,"href":"https:\/\/antiquariat-steinbach.com\/rarebooks\/wp-json\/wp\/v2\/media\/24222"}],"wp:attachment":[{"href":"https:\/\/antiquariat-steinbach.com\/rarebooks\/wp-json\/wp\/v2\/media?parent=5111"}],"wp:term":[{"taxonomy":"product_brand","embeddable":true,"href":"https:\/\/antiquariat-steinbach.com\/rarebooks\/wp-json\/wp\/v2\/product_brand?post=5111"},{"taxonomy":"product_cat","embeddable":true,"href":"https:\/\/antiquariat-steinbach.com\/rarebooks\/wp-json\/wp\/v2\/product_cat?post=5111"},{"taxonomy":"product_tag","embeddable":true,"href":"https:\/\/antiquariat-steinbach.com\/rarebooks\/wp-json\/wp\/v2\/product_tag?post=5111"}],"curies":[{"name":"wp","href":"https:\/\/api.w.org\/{rel}","templated":true}]}}