{"id":5093,"date":"2026-03-12T00:14:27","date_gmt":"2026-03-11T23:14:27","guid":{"rendered":"http:\/\/antiquariat-steinbach.com\/rarebooks\/produkt\/geschichte-und-kritischer-katalog-der-deutschen-niederlaendischen-und-franzoesischen-kupferstichs-im-xv-jahrhundert-2\/"},"modified":"2026-03-12T00:14:29","modified_gmt":"2026-03-11T23:14:29","slug":"lehrs-max-geschichte-und-kritischer-katalog-der-deutschen-niederlaendischen-und-franzoesischen-kupferstichs-im-xv-jahrhundert","status":"publish","type":"product","link":"https:\/\/antiquariat-steinbach.com\/rarebooks\/produkt\/lehrs-max-geschichte-und-kritischer-katalog-der-deutschen-niederlaendischen-und-franzoesischen-kupferstichs-im-xv-jahrhundert\/","title":{"rendered":"Lehrs, Max. &#8211;  Geschichte und kritischer Katalog der deutschen, niederl\u00e4ndischen und franz\u00f6sischen Kupferstichs im XV. Jahrhundert."},"content":{"rendered":"<p>Wien, Gesellschaft f\u00fcr vervielf\u00e4ltigende Kunst, 1921 &#8211; 1930.<\/p>\n<p>Vierter und Siebenter Textband. 28 : 20,5 cm. 3 leaves, 340 pages, 5 plates with watermarks &#8211; 3 leaves, 472 pages, 1^0 plates with watermarks. Original boards.<\/p>\n<p>50,00 EUR<\/p>\n","protected":false},"excerpt":{"rendered":"<p>The reprint of two volumes of the catalogue raisonne of the German, Dutch and French cooper-engravings of the 15th century. With the plates with the watermarks.<\/p>\n","protected":false},"featured_media":14980,"template":"","meta":[],"product_brand":[],"product_cat":[69,101,914],"product_tag":[],"class_list":{"0":"post-5093","1":"product","2":"type-product","3":"status-publish","4":"has-post-thumbnail","6":"product_cat-kunstgeschichte","7":"product_cat-werkverzeichnis","8":"product_cat-zvab","10":"first","11":"instock","12":"purchasable","13":"product-type-simple"},"_links":{"self":[{"href":"https:\/\/antiquariat-steinbach.com\/rarebooks\/wp-json\/wp\/v2\/product\/5093","targetHints":{"allow":["GET"]}}],"collection":[{"href":"https:\/\/antiquariat-steinbach.com\/rarebooks\/wp-json\/wp\/v2\/product"}],"about":[{"href":"https:\/\/antiquariat-steinbach.com\/rarebooks\/wp-json\/wp\/v2\/types\/product"}],"version-history":[{"count":3,"href":"https:\/\/antiquariat-steinbach.com\/rarebooks\/wp-json\/wp\/v2\/product\/5093\/revisions"}],"predecessor-version":[{"id":20542,"href":"https:\/\/antiquariat-steinbach.com\/rarebooks\/wp-json\/wp\/v2\/product\/5093\/revisions\/20542"}],"wp:featuredmedia":[{"embeddable":true,"href":"https:\/\/antiquariat-steinbach.com\/rarebooks\/wp-json\/wp\/v2\/media\/14980"}],"wp:attachment":[{"href":"https:\/\/antiquariat-steinbach.com\/rarebooks\/wp-json\/wp\/v2\/media?parent=5093"}],"wp:term":[{"taxonomy":"product_brand","embeddable":true,"href":"https:\/\/antiquariat-steinbach.com\/rarebooks\/wp-json\/wp\/v2\/product_brand?post=5093"},{"taxonomy":"product_cat","embeddable":true,"href":"https:\/\/antiquariat-steinbach.com\/rarebooks\/wp-json\/wp\/v2\/product_cat?post=5093"},{"taxonomy":"product_tag","embeddable":true,"href":"https:\/\/antiquariat-steinbach.com\/rarebooks\/wp-json\/wp\/v2\/product_tag?post=5093"}],"curies":[{"name":"wp","href":"https:\/\/api.w.org\/{rel}","templated":true}]}}