{"id":5089,"date":"2026-03-12T00:14:27","date_gmt":"2026-03-11T23:14:27","guid":{"rendered":"http:\/\/antiquariat-steinbach.com\/rarebooks\/produkt\/aphorisms\/"},"modified":"2026-03-12T00:14:28","modified_gmt":"2026-03-11T23:14:28","slug":"lehrer-cole-william-aphorisms","status":"publish","type":"product","link":"https:\/\/antiquariat-steinbach.com\/rarebooks\/produkt\/lehrer-cole-william-aphorisms\/","title":{"rendered":"Lehrer &#8211;   Cole, William: &#8211;  Aphorisms."},"content":{"rendered":"<p>(Cambridge), The Bow &#038; Arrow Press 1992.<\/p>\n<p>32 : 23,5 cm. 2 Blatt, 8 Seiten, 2 Blatt mit 9 signierten und numerierten Original-Holzschnitten von Damon Lehrer. Lose Bogen in Original-Karton-Umschlag.<\/p>\n<p>430,00 EUR<\/p>\n","protected":false},"excerpt":{"rendered":"<p>Mit mehrzeiliger, eigenh\u00e4ndiger Widmung des Verfassers auf dem Vortitel. Eines von 95 numerierten Exemplaren der einmaligen Auflage. Druckvermerk vom K\u00fcnstler signiert. In Garamond auf Arches gedruckt. Die Holzschnitte des jungen K\u00fcnstlers im Stile D\u00fcrers.<\/p>\n","protected":false},"featured_media":0,"template":"","meta":[],"product_brand":[],"product_cat":[43,41,46,914],"product_tag":[],"class_list":{"0":"post-5089","1":"product","2":"type-product","3":"status-publish","5":"product_cat-illustrierte-buecher","6":"product_cat-lond-07","7":"product_cat-pressendrucke","8":"product_cat-zvab","10":"first","11":"instock","12":"purchasable","13":"product-type-simple"},"_links":{"self":[{"href":"https:\/\/antiquariat-steinbach.com\/rarebooks\/wp-json\/wp\/v2\/product\/5089","targetHints":{"allow":["GET"]}}],"collection":[{"href":"https:\/\/antiquariat-steinbach.com\/rarebooks\/wp-json\/wp\/v2\/product"}],"about":[{"href":"https:\/\/antiquariat-steinbach.com\/rarebooks\/wp-json\/wp\/v2\/types\/product"}],"version-history":[{"count":3,"href":"https:\/\/antiquariat-steinbach.com\/rarebooks\/wp-json\/wp\/v2\/product\/5089\/revisions"}],"predecessor-version":[{"id":20539,"href":"https:\/\/antiquariat-steinbach.com\/rarebooks\/wp-json\/wp\/v2\/product\/5089\/revisions\/20539"}],"wp:attachment":[{"href":"https:\/\/antiquariat-steinbach.com\/rarebooks\/wp-json\/wp\/v2\/media?parent=5089"}],"wp:term":[{"taxonomy":"product_brand","embeddable":true,"href":"https:\/\/antiquariat-steinbach.com\/rarebooks\/wp-json\/wp\/v2\/product_brand?post=5089"},{"taxonomy":"product_cat","embeddable":true,"href":"https:\/\/antiquariat-steinbach.com\/rarebooks\/wp-json\/wp\/v2\/product_cat?post=5089"},{"taxonomy":"product_tag","embeddable":true,"href":"https:\/\/antiquariat-steinbach.com\/rarebooks\/wp-json\/wp\/v2\/product_tag?post=5089"}],"curies":[{"name":"wp","href":"https:\/\/api.w.org\/{rel}","templated":true}]}}