{"id":5055,"date":"2026-03-12T00:14:25","date_gmt":"2026-03-11T23:14:25","guid":{"rendered":"http:\/\/antiquariat-steinbach.com\/rarebooks\/produkt\/jai-quatorze-ans\/"},"modified":"2026-03-12T00:14:26","modified_gmt":"2026-03-11T23:14:26","slug":"lebedeff-roube-jansky-a-jai-quatorze-ans","status":"publish","type":"product","link":"https:\/\/antiquariat-steinbach.com\/rarebooks\/produkt\/lebedeff-roube-jansky-a-jai-quatorze-ans\/","title":{"rendered":"L\u00e9b\u00e9deff &#8211;   Roub\u00e9-Jansky, A.: &#8211;  J&#8217;ai quatorze ans."},"content":{"rendered":"<p>Paris, Le livre de demain (1933).<\/p>\n<p>23,5 : 18,5 cm. 126 Seiten, 1 Blatt mit 38 Original-Holzschnitten von Jean L\u00e9b\u00e9deff. Lederband der Zeit.<\/p>\n<p>60,00 EUR<\/p>\n","protected":false},"excerpt":{"rendered":"<p>Mit den ausdrucksstarken Holzschnitten des russischen K\u00fcnstlers.<\/p>\n","protected":false},"featured_media":27127,"template":"","meta":[],"product_brand":[],"product_cat":[29,143,43,914],"product_tag":[],"class_list":{"0":"post-5055","1":"product","2":"type-product","3":"status-publish","4":"has-post-thumbnail","6":"product_cat-20-jahrhundert","7":"product_cat-francais","8":"product_cat-illustrierte-buecher","9":"product_cat-zvab","11":"first","12":"instock","13":"purchasable","14":"product-type-simple"},"_links":{"self":[{"href":"https:\/\/antiquariat-steinbach.com\/rarebooks\/wp-json\/wp\/v2\/product\/5055","targetHints":{"allow":["GET"]}}],"collection":[{"href":"https:\/\/antiquariat-steinbach.com\/rarebooks\/wp-json\/wp\/v2\/product"}],"about":[{"href":"https:\/\/antiquariat-steinbach.com\/rarebooks\/wp-json\/wp\/v2\/types\/product"}],"version-history":[{"count":3,"href":"https:\/\/antiquariat-steinbach.com\/rarebooks\/wp-json\/wp\/v2\/product\/5055\/revisions"}],"predecessor-version":[{"id":20529,"href":"https:\/\/antiquariat-steinbach.com\/rarebooks\/wp-json\/wp\/v2\/product\/5055\/revisions\/20529"}],"wp:featuredmedia":[{"embeddable":true,"href":"https:\/\/antiquariat-steinbach.com\/rarebooks\/wp-json\/wp\/v2\/media\/27127"}],"wp:attachment":[{"href":"https:\/\/antiquariat-steinbach.com\/rarebooks\/wp-json\/wp\/v2\/media?parent=5055"}],"wp:term":[{"taxonomy":"product_brand","embeddable":true,"href":"https:\/\/antiquariat-steinbach.com\/rarebooks\/wp-json\/wp\/v2\/product_brand?post=5055"},{"taxonomy":"product_cat","embeddable":true,"href":"https:\/\/antiquariat-steinbach.com\/rarebooks\/wp-json\/wp\/v2\/product_cat?post=5055"},{"taxonomy":"product_tag","embeddable":true,"href":"https:\/\/antiquariat-steinbach.com\/rarebooks\/wp-json\/wp\/v2\/product_tag?post=5055"}],"curies":[{"name":"wp","href":"https:\/\/api.w.org\/{rel}","templated":true}]}}