{"id":5051,"date":"2026-03-12T00:14:25","date_gmt":"2026-03-11T23:14:25","guid":{"rendered":"http:\/\/antiquariat-steinbach.com\/rarebooks\/produkt\/leben-und-abenteuer-des-guzman-von-alfarache-ein-komikscher-roman-aus-dem-franzoesischen-des-le-sage-frey-uebersetzt\/"},"modified":"2026-03-12T00:14:26","modified_gmt":"2026-03-11T23:14:26","slug":"le-sage-alain-rene-leben-und-abenteuer-des-guzman-von-alfarache-ein-komikscher-roman-aus-dem-franzoesischen-des-le-sage-frey-uebersetzt","status":"publish","type":"product","link":"https:\/\/antiquariat-steinbach.com\/rarebooks\/produkt\/le-sage-alain-rene-leben-und-abenteuer-des-guzman-von-alfarache-ein-komikscher-roman-aus-dem-franzoesischen-des-le-sage-frey-uebersetzt\/","title":{"rendered":"Le Sage, Alain Ren\u00e9. &#8211;  Leben und Abenteuer des Guzman von Alfarache. Ein komikscher Roman aus dem franz\u00f6sischen des Le Sage frey \u00fcbersetzt."},"content":{"rendered":"<p>Mannheim (d.i. Wien), Doll, 1805.<\/p>\n<p>3 Teile in 1 Band. 17,5 : 11 cm. 190 Seiten, 1 Blatt; 174 Seiten, 1 Blatt; 166 Seiten, 1 Blatt; mit 3 gestochenen Frontispiece und 3 gestochenen Titeln. Marmorierter Pappband der Zeit, Rotschnitt.<\/p>\n<p>80,00 EUR<\/p>\n","protected":false},"excerpt":{"rendered":"<p>Fingierter Druckort, wobei der wahre Druckort Zeienossen kein Geheimniss war. &#8211; Einband berieben und bestossen. &#8211; Fromm 15099 (Wien).<\/p>\n","protected":false},"featured_media":14973,"template":"","meta":[],"product_brand":[],"product_cat":[32,914],"product_tag":[],"class_list":{"0":"post-5051","1":"product","2":"type-product","3":"status-publish","4":"has-post-thumbnail","6":"product_cat-literatur","7":"product_cat-zvab","9":"first","10":"instock","11":"purchasable","12":"product-type-simple"},"_links":{"self":[{"href":"https:\/\/antiquariat-steinbach.com\/rarebooks\/wp-json\/wp\/v2\/product\/5051","targetHints":{"allow":["GET"]}}],"collection":[{"href":"https:\/\/antiquariat-steinbach.com\/rarebooks\/wp-json\/wp\/v2\/product"}],"about":[{"href":"https:\/\/antiquariat-steinbach.com\/rarebooks\/wp-json\/wp\/v2\/types\/product"}],"version-history":[{"count":3,"href":"https:\/\/antiquariat-steinbach.com\/rarebooks\/wp-json\/wp\/v2\/product\/5051\/revisions"}],"predecessor-version":[{"id":20527,"href":"https:\/\/antiquariat-steinbach.com\/rarebooks\/wp-json\/wp\/v2\/product\/5051\/revisions\/20527"}],"wp:featuredmedia":[{"embeddable":true,"href":"https:\/\/antiquariat-steinbach.com\/rarebooks\/wp-json\/wp\/v2\/media\/14973"}],"wp:attachment":[{"href":"https:\/\/antiquariat-steinbach.com\/rarebooks\/wp-json\/wp\/v2\/media?parent=5051"}],"wp:term":[{"taxonomy":"product_brand","embeddable":true,"href":"https:\/\/antiquariat-steinbach.com\/rarebooks\/wp-json\/wp\/v2\/product_brand?post=5051"},{"taxonomy":"product_cat","embeddable":true,"href":"https:\/\/antiquariat-steinbach.com\/rarebooks\/wp-json\/wp\/v2\/product_cat?post=5051"},{"taxonomy":"product_tag","embeddable":true,"href":"https:\/\/antiquariat-steinbach.com\/rarebooks\/wp-json\/wp\/v2\/product_tag?post=5051"}],"curies":[{"name":"wp","href":"https:\/\/api.w.org\/{rel}","templated":true}]}}