{"id":5043,"date":"2026-03-12T00:14:23","date_gmt":"2026-03-11T23:14:23","guid":{"rendered":"http:\/\/antiquariat-steinbach.com\/rarebooks\/produkt\/etoiles-parisiennes\/"},"modified":"2026-03-12T00:14:25","modified_gmt":"2026-03-11T23:14:25","slug":"le-panorama-etoiles-parisiennes","status":"publish","type":"product","link":"https:\/\/antiquariat-steinbach.com\/rarebooks\/produkt\/le-panorama-etoiles-parisiennes\/","title":{"rendered":"Le Panorama: &#8211;  Etoiles Parisiennes."},"content":{"rendered":"<p>Paris, Baschet o.J. (um 1900).<\/p>\n<p>28 : 25 cm. Mit vielen teils farbigen Abbildungen. Original-Pappband.<\/p>\n<p>60,00 EUR<\/p>\n","protected":false},"excerpt":{"rendered":"<p>Zeigt die ber\u00fchmten Pariser Schauspielerinnen der Jahrhundertwende angefangen von Sarah Bernhardt \u00fcber Yvette Guilbert und Avril bis Louise Br\u00e9val. &#8211; Buchblock gebrochen, R\u00fccken mit Fehlstellen.<\/p>\n","protected":false},"featured_media":14970,"template":"","meta":[],"product_brand":[],"product_cat":[142,59,52,914],"product_tag":[],"class_list":{"0":"post-5043","1":"product","2":"type-product","3":"status-publish","4":"has-post-thumbnail","6":"product_cat-erotika","7":"product_cat-kulturgeschichte","8":"product_cat-zeitschriften","9":"product_cat-zvab","11":"first","12":"instock","13":"purchasable","14":"product-type-simple"},"_links":{"self":[{"href":"https:\/\/antiquariat-steinbach.com\/rarebooks\/wp-json\/wp\/v2\/product\/5043","targetHints":{"allow":["GET"]}}],"collection":[{"href":"https:\/\/antiquariat-steinbach.com\/rarebooks\/wp-json\/wp\/v2\/product"}],"about":[{"href":"https:\/\/antiquariat-steinbach.com\/rarebooks\/wp-json\/wp\/v2\/types\/product"}],"version-history":[{"count":3,"href":"https:\/\/antiquariat-steinbach.com\/rarebooks\/wp-json\/wp\/v2\/product\/5043\/revisions"}],"predecessor-version":[{"id":20524,"href":"https:\/\/antiquariat-steinbach.com\/rarebooks\/wp-json\/wp\/v2\/product\/5043\/revisions\/20524"}],"wp:featuredmedia":[{"embeddable":true,"href":"https:\/\/antiquariat-steinbach.com\/rarebooks\/wp-json\/wp\/v2\/media\/14970"}],"wp:attachment":[{"href":"https:\/\/antiquariat-steinbach.com\/rarebooks\/wp-json\/wp\/v2\/media?parent=5043"}],"wp:term":[{"taxonomy":"product_brand","embeddable":true,"href":"https:\/\/antiquariat-steinbach.com\/rarebooks\/wp-json\/wp\/v2\/product_brand?post=5043"},{"taxonomy":"product_cat","embeddable":true,"href":"https:\/\/antiquariat-steinbach.com\/rarebooks\/wp-json\/wp\/v2\/product_cat?post=5043"},{"taxonomy":"product_tag","embeddable":true,"href":"https:\/\/antiquariat-steinbach.com\/rarebooks\/wp-json\/wp\/v2\/product_tag?post=5043"}],"curies":[{"name":"wp","href":"https:\/\/api.w.org\/{rel}","templated":true}]}}