{"id":5031,"date":"2026-03-12T00:14:23","date_gmt":"2026-03-11T23:14:23","guid":{"rendered":"http:\/\/antiquariat-steinbach.com\/rarebooks\/produkt\/aus-dem-leben-jesu-acht-holzschnitte\/"},"modified":"2026-03-12T00:14:24","modified_gmt":"2026-03-11T23:14:24","slug":"lauterburg-dora-aus-dem-leben-jesu-acht-holzschnitte","status":"publish","type":"product","link":"https:\/\/antiquariat-steinbach.com\/rarebooks\/produkt\/lauterburg-dora-aus-dem-leben-jesu-acht-holzschnitte\/","title":{"rendered":"Lauterburg, Dora. &#8211;  Aus dem Leben Jesu. Acht Holzschnitte."},"content":{"rendered":"<p>O.O. 1925.<\/p>\n<p>47,5 : 32 cm. 8 signierte Original Holzschnitte von Dora Lauterburg. Original Papp-Mappe.<\/p>\n<p>120,00 EUR<\/p>\n","protected":false},"excerpt":{"rendered":"<p>Doa (Theodora) Lauterbug (1888 Ittingen &#8211; 1975 Bern) Malerin, Holzschneidering und Illustratorin. Eines von 50 nummerierten Exemplaren der einmaligen Auflage. Die Original-Holzschnitte auf d\u00fcnnem Japan, alle von der K\u00fcnstlerin signiert. &#8211; Kanten und R\u00fccken etwas bestossen.<\/p>\n","protected":false},"featured_media":14965,"template":"","meta":[],"product_brand":[],"product_cat":[29,43,677,76,290,914],"product_tag":[],"class_list":{"0":"post-5031","1":"product","2":"type-product","3":"status-publish","4":"has-post-thumbnail","6":"product_cat-20-jahrhundert","7":"product_cat-illustrierte-buecher","8":"product_cat-mappe","9":"product_cat-schweiz","10":"product_cat-theolgie","11":"product_cat-zvab","13":"first","14":"instock","15":"purchasable","16":"product-type-simple"},"_links":{"self":[{"href":"https:\/\/antiquariat-steinbach.com\/rarebooks\/wp-json\/wp\/v2\/product\/5031","targetHints":{"allow":["GET"]}}],"collection":[{"href":"https:\/\/antiquariat-steinbach.com\/rarebooks\/wp-json\/wp\/v2\/product"}],"about":[{"href":"https:\/\/antiquariat-steinbach.com\/rarebooks\/wp-json\/wp\/v2\/types\/product"}],"version-history":[{"count":3,"href":"https:\/\/antiquariat-steinbach.com\/rarebooks\/wp-json\/wp\/v2\/product\/5031\/revisions"}],"predecessor-version":[{"id":20518,"href":"https:\/\/antiquariat-steinbach.com\/rarebooks\/wp-json\/wp\/v2\/product\/5031\/revisions\/20518"}],"wp:featuredmedia":[{"embeddable":true,"href":"https:\/\/antiquariat-steinbach.com\/rarebooks\/wp-json\/wp\/v2\/media\/14965"}],"wp:attachment":[{"href":"https:\/\/antiquariat-steinbach.com\/rarebooks\/wp-json\/wp\/v2\/media?parent=5031"}],"wp:term":[{"taxonomy":"product_brand","embeddable":true,"href":"https:\/\/antiquariat-steinbach.com\/rarebooks\/wp-json\/wp\/v2\/product_brand?post=5031"},{"taxonomy":"product_cat","embeddable":true,"href":"https:\/\/antiquariat-steinbach.com\/rarebooks\/wp-json\/wp\/v2\/product_cat?post=5031"},{"taxonomy":"product_tag","embeddable":true,"href":"https:\/\/antiquariat-steinbach.com\/rarebooks\/wp-json\/wp\/v2\/product_tag?post=5031"}],"curies":[{"name":"wp","href":"https:\/\/api.w.org\/{rel}","templated":true}]}}