{"id":5029,"date":"2026-03-12T00:16:26","date_gmt":"2026-03-11T23:16:26","guid":{"rendered":"http:\/\/antiquariat-steinbach.com\/rarebooks\/produkt\/katalog-nr-100-fabrik-wissenschaftlicher-apparate\/"},"modified":"2026-03-12T00:16:27","modified_gmt":"2026-03-11T23:16:27","slug":"medizin-lautenschlaeger-f-m-katalog-nr-100-fabrik-wissenschaftlicher-apparate","status":"publish","type":"product","link":"https:\/\/antiquariat-steinbach.com\/rarebooks\/produkt\/medizin-lautenschlaeger-f-m-katalog-nr-100-fabrik-wissenschaftlicher-apparate\/","title":{"rendered":"Medizin &#8211;   Lautenschl\u00e4ger, F.&#038;M. &#8211;  Katalog Nr. 100. Fabrik wissenschaftlicher Apparate."},"content":{"rendered":"<p>Fankfurt, Belin, M\u00fcnchen, Lautenschl\u00e4ger, 1908.<\/p>\n<p>29,5 : 22 cm. 744 Seiten mit 7229 Abbildungen. Original-Leinenband.<\/p>\n<p>300,00 EUR<\/p>\n","protected":false},"excerpt":{"rendered":"<p>Umfangreicher Katalog, reichst illustriert, f\u00fcr komplette Einrichtungen von bakteriologischen, serologishen und chemischen Laboratorien und Untersuchungsanstalten, Operationss\u00e4len, Krankenh\u00e4usern, Sektionss\u00e4len usw. Spezialfabrikation von SAterilisatoren aller ARt, Desinfektins-, Brut- und Paraffinapparaten, Zentrifugen etc. Gesundheitstechn ische Anlagen, Milchk\u00fccheneinrichtungen und Dampfanlagen. Eigene Werkst\u00e4tten zur ratinellen und exakten Herstellung von Apparaten jeder Art. &#8211; Die letzten 20 Seiten im Bug oben mit kleinem Wasserrand, letztes Baltt mit kleinem Aussri\u00df und geringem Textverlust (Register); Vorderdeckel gering gelockert. Im ganzen sehr gut erhaltenes &#8218;Exemplar dieses seltenen Spezialkataloges.<\/p>\n","protected":false},"featured_media":14964,"template":"","meta":[],"product_brand":[],"product_cat":[81,174,179,77,914],"product_tag":[],"class_list":{"0":"post-5029","1":"product","2":"type-product","3":"status-publish","4":"has-post-thumbnail","6":"product_cat-chemie","7":"product_cat-firmenkataloge","8":"product_cat-medizin","9":"product_cat-technik","10":"product_cat-zvab","12":"first","13":"instock","14":"purchasable","15":"product-type-simple"},"_links":{"self":[{"href":"https:\/\/antiquariat-steinbach.com\/rarebooks\/wp-json\/wp\/v2\/product\/5029","targetHints":{"allow":["GET"]}}],"collection":[{"href":"https:\/\/antiquariat-steinbach.com\/rarebooks\/wp-json\/wp\/v2\/product"}],"about":[{"href":"https:\/\/antiquariat-steinbach.com\/rarebooks\/wp-json\/wp\/v2\/types\/product"}],"version-history":[{"count":4,"href":"https:\/\/antiquariat-steinbach.com\/rarebooks\/wp-json\/wp\/v2\/product\/5029\/revisions"}],"predecessor-version":[{"id":23662,"href":"https:\/\/antiquariat-steinbach.com\/rarebooks\/wp-json\/wp\/v2\/product\/5029\/revisions\/23662"}],"wp:featuredmedia":[{"embeddable":true,"href":"https:\/\/antiquariat-steinbach.com\/rarebooks\/wp-json\/wp\/v2\/media\/14964"}],"wp:attachment":[{"href":"https:\/\/antiquariat-steinbach.com\/rarebooks\/wp-json\/wp\/v2\/media?parent=5029"}],"wp:term":[{"taxonomy":"product_brand","embeddable":true,"href":"https:\/\/antiquariat-steinbach.com\/rarebooks\/wp-json\/wp\/v2\/product_brand?post=5029"},{"taxonomy":"product_cat","embeddable":true,"href":"https:\/\/antiquariat-steinbach.com\/rarebooks\/wp-json\/wp\/v2\/product_cat?post=5029"},{"taxonomy":"product_tag","embeddable":true,"href":"https:\/\/antiquariat-steinbach.com\/rarebooks\/wp-json\/wp\/v2\/product_tag?post=5029"}],"curies":[{"name":"wp","href":"https:\/\/api.w.org\/{rel}","templated":true}]}}