{"id":501,"date":"2026-04-18T00:00:04","date_gmt":"2026-04-17T22:00:04","guid":{"rendered":"http:\/\/antiquariat-steinbach.com\/rarebooks\/produkt\/das-altenbergbuch\/"},"modified":"2026-04-18T00:00:04","modified_gmt":"2026-04-17T22:00:04","slug":"altenberg-friedell-egon-das-altenbergbuch","status":"publish","type":"product","link":"https:\/\/antiquariat-steinbach.com\/rarebooks\/produkt\/altenberg-friedell-egon-das-altenbergbuch\/","title":{"rendered":"Altenberg &#8211;   Friedell, Egon. &#8211;  Das Altenbergbuch."},"content":{"rendered":"<p>Leipzig, Wien, Z\u00fcrich, Verlag der Wiener grap\u00f6hischen Werkst\u00e4tte, 1921.<\/p>\n<p>21 : 14,5 cm. 425 Seiten, 4 Blatt, 28 Tafeln. Halbleinenband.<\/p>\n<p>50,00 EUR<\/p>\n","protected":false},"excerpt":{"rendered":"<p>Erste Ausgabe. &#8211; Mit Beitr\u00e4gen von Hermann Bahr, Hugo von Hofmannsthal, Adolf Loos, Heinrich Mann, Thomas Mann, Alfrd Polgar, Felix Salten u.a. Die im Inhaltverzeichnis angegebene Tafel &#8218;Nachts&#8216; offensichtlich nie eingebunden.  &#8211; Unter Verweenung des Original-Einbandes neu aufgebunden, R\u00fccken ernauert. &#8211; W.-G. II, 11\/10-<\/p>\n","protected":false},"featured_media":28881,"template":"","meta":[],"product_brand":[],"product_cat":[29,123,32,90,914],"product_tag":[],"class_list":{"0":"post-501","1":"product","2":"type-product","3":"status-publish","4":"has-post-thumbnail","6":"product_cat-20-jahrhundert","7":"product_cat-karikatur","8":"product_cat-literatur","9":"product_cat-viennensia","10":"product_cat-zvab","12":"first","13":"instock","14":"purchasable","15":"product-type-simple"},"_links":{"self":[{"href":"https:\/\/antiquariat-steinbach.com\/rarebooks\/wp-json\/wp\/v2\/product\/501","targetHints":{"allow":["GET"]}}],"collection":[{"href":"https:\/\/antiquariat-steinbach.com\/rarebooks\/wp-json\/wp\/v2\/product"}],"about":[{"href":"https:\/\/antiquariat-steinbach.com\/rarebooks\/wp-json\/wp\/v2\/types\/product"}],"version-history":[{"count":3,"href":"https:\/\/antiquariat-steinbach.com\/rarebooks\/wp-json\/wp\/v2\/product\/501\/revisions"}],"predecessor-version":[{"id":18393,"href":"https:\/\/antiquariat-steinbach.com\/rarebooks\/wp-json\/wp\/v2\/product\/501\/revisions\/18393"}],"wp:featuredmedia":[{"embeddable":true,"href":"https:\/\/antiquariat-steinbach.com\/rarebooks\/wp-json\/wp\/v2\/media\/28881"}],"wp:attachment":[{"href":"https:\/\/antiquariat-steinbach.com\/rarebooks\/wp-json\/wp\/v2\/media?parent=501"}],"wp:term":[{"taxonomy":"product_brand","embeddable":true,"href":"https:\/\/antiquariat-steinbach.com\/rarebooks\/wp-json\/wp\/v2\/product_brand?post=501"},{"taxonomy":"product_cat","embeddable":true,"href":"https:\/\/antiquariat-steinbach.com\/rarebooks\/wp-json\/wp\/v2\/product_cat?post=501"},{"taxonomy":"product_tag","embeddable":true,"href":"https:\/\/antiquariat-steinbach.com\/rarebooks\/wp-json\/wp\/v2\/product_tag?post=501"}],"curies":[{"name":"wp","href":"https:\/\/api.w.org\/{rel}","templated":true}]}}