{"id":4983,"date":"2026-03-12T00:14:19","date_gmt":"2026-03-11T23:14:19","guid":{"rendered":"http:\/\/antiquariat-steinbach.com\/rarebooks\/produkt\/portraitphotographien-muenchen-1889-karl-und-1884-albertine\/"},"modified":"2026-03-12T00:14:20","modified_gmt":"2026-03-11T23:14:20","slug":"lang-karl-bankier-in-muenchen1835-1913-und-dessen-tochter-albertine-verheiratete-berchtenbreiter-portraitphotographien-muenchen-1889-karl-und-1884-albertine","status":"publish","type":"product","link":"https:\/\/antiquariat-steinbach.com\/rarebooks\/produkt\/lang-karl-bankier-in-muenchen1835-1913-und-dessen-tochter-albertine-verheiratete-berchtenbreiter-portraitphotographien-muenchen-1889-karl-und-1884-albertine\/","title":{"rendered":"Lang, Karl (Bankier in M\u00fcnchen,1835-1913) und dessen Tochter Albertine (verheiratete Berchtenbreiter) &#8211;  Portraitphotographien. M\u00fcnchen 1889 (Karl) und 1884 (Albertine)"},"content":{"rendered":"<p>je 9,4 : 5,9 cm. Auf etwas gr\u00f6\u00dferem Tr\u00e4gerkarton.<\/p>\n<p>50,00 EUR<\/p>\n","protected":false},"excerpt":{"rendered":"<p>Die Photographie von Karl Lang verso bezeichnet im 54. Lebensjahr, Kaulbachstr. 49. &#8211; Photographisches Atlelier Fr. Neumayer, M\u00fcnchen, Neuhauserstrasse. &#8211; Die Photgraphie Albertine verso von sp\u00e4terer Hand bezeichnet.<\/p>\n","protected":false},"featured_media":14955,"template":"","meta":[],"product_brand":[],"product_cat":[73,106,86,914],"product_tag":[],"class_list":{"0":"post-4983","1":"product","2":"type-product","3":"status-publish","4":"has-post-thumbnail","6":"product_cat-bayern","7":"product_cat-photographie","8":"product_cat-portraets","9":"product_cat-zvab","11":"first","12":"instock","13":"purchasable","14":"product-type-simple"},"_links":{"self":[{"href":"https:\/\/antiquariat-steinbach.com\/rarebooks\/wp-json\/wp\/v2\/product\/4983","targetHints":{"allow":["GET"]}}],"collection":[{"href":"https:\/\/antiquariat-steinbach.com\/rarebooks\/wp-json\/wp\/v2\/product"}],"about":[{"href":"https:\/\/antiquariat-steinbach.com\/rarebooks\/wp-json\/wp\/v2\/types\/product"}],"version-history":[{"count":3,"href":"https:\/\/antiquariat-steinbach.com\/rarebooks\/wp-json\/wp\/v2\/product\/4983\/revisions"}],"predecessor-version":[{"id":20484,"href":"https:\/\/antiquariat-steinbach.com\/rarebooks\/wp-json\/wp\/v2\/product\/4983\/revisions\/20484"}],"wp:featuredmedia":[{"embeddable":true,"href":"https:\/\/antiquariat-steinbach.com\/rarebooks\/wp-json\/wp\/v2\/media\/14955"}],"wp:attachment":[{"href":"https:\/\/antiquariat-steinbach.com\/rarebooks\/wp-json\/wp\/v2\/media?parent=4983"}],"wp:term":[{"taxonomy":"product_brand","embeddable":true,"href":"https:\/\/antiquariat-steinbach.com\/rarebooks\/wp-json\/wp\/v2\/product_brand?post=4983"},{"taxonomy":"product_cat","embeddable":true,"href":"https:\/\/antiquariat-steinbach.com\/rarebooks\/wp-json\/wp\/v2\/product_cat?post=4983"},{"taxonomy":"product_tag","embeddable":true,"href":"https:\/\/antiquariat-steinbach.com\/rarebooks\/wp-json\/wp\/v2\/product_tag?post=4983"}],"curies":[{"name":"wp","href":"https:\/\/api.w.org\/{rel}","templated":true}]}}