{"id":4959,"date":"2026-03-12T00:14:17","date_gmt":"2026-03-11T23:14:17","guid":{"rendered":"http:\/\/antiquariat-steinbach.com\/rarebooks\/produkt\/kochbuch-fuer-die-boehmische-und-deutsche-kueche\/"},"modified":"2026-03-12T00:14:18","modified_gmt":"2026-03-11T23:14:18","slug":"lagler-henriette-kochbuch-fuer-die-boehmische-und-deutsche-kueche","status":"publish","type":"product","link":"https:\/\/antiquariat-steinbach.com\/rarebooks\/produkt\/lagler-henriette-kochbuch-fuer-die-boehmische-und-deutsche-kueche\/","title":{"rendered":"Lagler, Henriette: &#8211;  Kochbuch f\u00fcr die b\u00f6hmische und deutsche K\u00fcche."},"content":{"rendered":"<p>Leipzig, Cnobloch (1874).<\/p>\n<p>2. verbesserte Auflage. 18,5 : 12 cm. XXVI, 301 Seiten Halbleinenband der Zeit.<\/p>\n<p>210,00 EUR<\/p>\n","protected":false},"excerpt":{"rendered":"<p>Das ziemlich seltene Kochbuch enth\u00e4lt 501 Rezepte. &#8211; Am Schlu\u00df 17 Blatt aus einem anderen Kochbuch eingebunden. &#8211; Titelblatt etwas fleckig; Einband berieben, rechtes Gelenk angeplatzt. &#8211; Weiss 2221; vgl. Georg 1333 (EA); nicht bei Horn\/A.<\/p>\n","protected":false},"featured_media":27977,"template":"","meta":[],"product_brand":[],"product_cat":[58,112,914],"product_tag":[],"class_list":{"0":"post-4959","1":"product","2":"type-product","3":"status-publish","4":"has-post-thumbnail","6":"product_cat-gastronomie","7":"product_cat-kochbuecher","8":"product_cat-zvab","10":"first","11":"instock","12":"purchasable","13":"product-type-simple"},"_links":{"self":[{"href":"https:\/\/antiquariat-steinbach.com\/rarebooks\/wp-json\/wp\/v2\/product\/4959","targetHints":{"allow":["GET"]}}],"collection":[{"href":"https:\/\/antiquariat-steinbach.com\/rarebooks\/wp-json\/wp\/v2\/product"}],"about":[{"href":"https:\/\/antiquariat-steinbach.com\/rarebooks\/wp-json\/wp\/v2\/types\/product"}],"version-history":[{"count":3,"href":"https:\/\/antiquariat-steinbach.com\/rarebooks\/wp-json\/wp\/v2\/product\/4959\/revisions"}],"predecessor-version":[{"id":20474,"href":"https:\/\/antiquariat-steinbach.com\/rarebooks\/wp-json\/wp\/v2\/product\/4959\/revisions\/20474"}],"wp:featuredmedia":[{"embeddable":true,"href":"https:\/\/antiquariat-steinbach.com\/rarebooks\/wp-json\/wp\/v2\/media\/27977"}],"wp:attachment":[{"href":"https:\/\/antiquariat-steinbach.com\/rarebooks\/wp-json\/wp\/v2\/media?parent=4959"}],"wp:term":[{"taxonomy":"product_brand","embeddable":true,"href":"https:\/\/antiquariat-steinbach.com\/rarebooks\/wp-json\/wp\/v2\/product_brand?post=4959"},{"taxonomy":"product_cat","embeddable":true,"href":"https:\/\/antiquariat-steinbach.com\/rarebooks\/wp-json\/wp\/v2\/product_cat?post=4959"},{"taxonomy":"product_tag","embeddable":true,"href":"https:\/\/antiquariat-steinbach.com\/rarebooks\/wp-json\/wp\/v2\/product_tag?post=4959"}],"curies":[{"name":"wp","href":"https:\/\/api.w.org\/{rel}","templated":true}]}}