{"id":4927,"date":"2026-03-12T00:14:10","date_gmt":"2026-03-11T23:14:10","guid":{"rendered":"http:\/\/antiquariat-steinbach.com\/rarebooks\/produkt\/wetterleuchten-am-dachstein-drehbuch\/"},"modified":"2026-03-12T00:14:12","modified_gmt":"2026-03-11T23:14:12","slug":"kutter-anton-wetterleuchten-am-dachstein-drehbuch","status":"publish","type":"product","link":"https:\/\/antiquariat-steinbach.com\/rarebooks\/produkt\/kutter-anton-wetterleuchten-am-dachstein-drehbuch\/","title":{"rendered":"Kutter, Anton. &#8211;  Wetterleuchten am Dachstein. Drehbuch."},"content":{"rendered":"<p>M\u00fcnchen, S\u00fcddeutsche Filmproduktion, 1952.<\/p>\n<p>30 : 20 cm. IV, 238 Seiten. Halbleinen-Band.<\/p>\n<p>195,00 EUR<\/p>\n","protected":false},"excerpt":{"rendered":"<p>Vervielf\u00e4ltigtes Manuskript des Drehbuchs von Anton Kuttner, basierend auf dem B\u00fchnenst\u00fcck von Elvira Koref &#8218;Die kleine Passion&#8216;, zu dem gleichnamigen Film &#8218;Wetterleuchten am Dachstein. Die Herrin vom Salzerhof &#8218;. In den Hautrollen spielten Gisela Fackeldey, Marianne Koch, Jutta Bornmann und Pero Alexander. &#8211; Beiliegen die entsprechenden Film-Kuriere zu dem Film. &#8211; Titel mit Stempel der Filmproduktionsgeselschaft &#8218;Telos&#8216; in Wien.<\/p>\n","protected":false},"featured_media":14942,"template":"","meta":[],"product_brand":[],"product_cat":[197,147,914],"product_tag":[],"class_list":{"0":"post-4927","1":"product","2":"type-product","3":"status-publish","4":"has-post-thumbnail","6":"product_cat-film","7":"product_cat-manuskripte","8":"product_cat-zvab","10":"first","11":"instock","12":"purchasable","13":"product-type-simple"},"_links":{"self":[{"href":"https:\/\/antiquariat-steinbach.com\/rarebooks\/wp-json\/wp\/v2\/product\/4927","targetHints":{"allow":["GET"]}}],"collection":[{"href":"https:\/\/antiquariat-steinbach.com\/rarebooks\/wp-json\/wp\/v2\/product"}],"about":[{"href":"https:\/\/antiquariat-steinbach.com\/rarebooks\/wp-json\/wp\/v2\/types\/product"}],"version-history":[{"count":3,"href":"https:\/\/antiquariat-steinbach.com\/rarebooks\/wp-json\/wp\/v2\/product\/4927\/revisions"}],"predecessor-version":[{"id":20425,"href":"https:\/\/antiquariat-steinbach.com\/rarebooks\/wp-json\/wp\/v2\/product\/4927\/revisions\/20425"}],"wp:featuredmedia":[{"embeddable":true,"href":"https:\/\/antiquariat-steinbach.com\/rarebooks\/wp-json\/wp\/v2\/media\/14942"}],"wp:attachment":[{"href":"https:\/\/antiquariat-steinbach.com\/rarebooks\/wp-json\/wp\/v2\/media?parent=4927"}],"wp:term":[{"taxonomy":"product_brand","embeddable":true,"href":"https:\/\/antiquariat-steinbach.com\/rarebooks\/wp-json\/wp\/v2\/product_brand?post=4927"},{"taxonomy":"product_cat","embeddable":true,"href":"https:\/\/antiquariat-steinbach.com\/rarebooks\/wp-json\/wp\/v2\/product_cat?post=4927"},{"taxonomy":"product_tag","embeddable":true,"href":"https:\/\/antiquariat-steinbach.com\/rarebooks\/wp-json\/wp\/v2\/product_tag?post=4927"}],"curies":[{"name":"wp","href":"https:\/\/api.w.org\/{rel}","templated":true}]}}