{"id":4903,"date":"2026-03-12T00:12:49","date_gmt":"2026-03-11T23:12:49","guid":{"rendered":"http:\/\/antiquariat-steinbach.com\/rarebooks\/produkt\/haushaltungskunde\/"},"modified":"2026-03-12T00:12:50","modified_gmt":"2026-03-11T23:12:50","slug":"kochbuecher-kundi-adolfine-und-ida-von-manussi-haushaltungskunde","status":"publish","type":"product","link":"https:\/\/antiquariat-steinbach.com\/rarebooks\/produkt\/kochbuecher-kundi-adolfine-und-ida-von-manussi-haushaltungskunde\/","title":{"rendered":"Kochb\u00fccher &#8211;   Kundi, Adolfine und Ida von Manussi: &#8211;  Haushaltungskunde."},"content":{"rendered":"<p>Wien, Deuticke 1915.<\/p>\n<p>24 : 16,5 cm. V, 265 Seiten mit 5 teils farbigen Tafeln und 83 Abbildungen. Illustrierter Original-Leinenband.<\/p>\n<p>25,00 EUR<\/p>\n","protected":false},"excerpt":{"rendered":"<p>\u00dcber Nahrungs- und Genu\u00dfmittel, Gew\u00fcrze etc. \u00fcber deren Beschaffenheit, Eigenschaften, praktische Anwendung, N\u00e4hrwert etc. Ferner \u00fcber Kleidung, Wohnung und Gesundheit.<\/p>\n","protected":false},"featured_media":27976,"template":"","meta":[],"product_brand":[],"product_cat":[58,59,914],"product_tag":[],"class_list":{"0":"post-4903","1":"product","2":"type-product","3":"status-publish","4":"has-post-thumbnail","6":"product_cat-gastronomie","7":"product_cat-kulturgeschichte","8":"product_cat-zvab","10":"first","11":"instock","12":"purchasable","13":"product-type-simple"},"_links":{"self":[{"href":"https:\/\/antiquariat-steinbach.com\/rarebooks\/wp-json\/wp\/v2\/product\/4903","targetHints":{"allow":["GET"]}}],"collection":[{"href":"https:\/\/antiquariat-steinbach.com\/rarebooks\/wp-json\/wp\/v2\/product"}],"about":[{"href":"https:\/\/antiquariat-steinbach.com\/rarebooks\/wp-json\/wp\/v2\/types\/product"}],"version-history":[{"count":4,"href":"https:\/\/antiquariat-steinbach.com\/rarebooks\/wp-json\/wp\/v2\/product\/4903\/revisions"}],"predecessor-version":[{"id":23396,"href":"https:\/\/antiquariat-steinbach.com\/rarebooks\/wp-json\/wp\/v2\/product\/4903\/revisions\/23396"}],"wp:featuredmedia":[{"embeddable":true,"href":"https:\/\/antiquariat-steinbach.com\/rarebooks\/wp-json\/wp\/v2\/media\/27976"}],"wp:attachment":[{"href":"https:\/\/antiquariat-steinbach.com\/rarebooks\/wp-json\/wp\/v2\/media?parent=4903"}],"wp:term":[{"taxonomy":"product_brand","embeddable":true,"href":"https:\/\/antiquariat-steinbach.com\/rarebooks\/wp-json\/wp\/v2\/product_brand?post=4903"},{"taxonomy":"product_cat","embeddable":true,"href":"https:\/\/antiquariat-steinbach.com\/rarebooks\/wp-json\/wp\/v2\/product_cat?post=4903"},{"taxonomy":"product_tag","embeddable":true,"href":"https:\/\/antiquariat-steinbach.com\/rarebooks\/wp-json\/wp\/v2\/product_tag?post=4903"}],"curies":[{"name":"wp","href":"https:\/\/api.w.org\/{rel}","templated":true}]}}