{"id":4897,"date":"2026-03-12T00:00:38","date_gmt":"2026-03-11T23:00:38","guid":{"rendered":"http:\/\/antiquariat-steinbach.com\/rarebooks\/produkt\/das-kunstgewerbe-in-japan\/"},"modified":"2026-03-12T00:00:39","modified_gmt":"2026-03-11T23:00:39","slug":"art-kuemmel-otto-das-kunstgewerbe-in-japan","status":"publish","type":"product","link":"https:\/\/antiquariat-steinbach.com\/rarebooks\/produkt\/art-kuemmel-otto-das-kunstgewerbe-in-japan\/","title":{"rendered":"Art &#8211;   K\u00fcmmel, Otto: &#8211;  Das Kunstgewerbe in Japan."},"content":{"rendered":"<p>Berlin, Schmidt 1922.<\/p>\n<p>3. Auflage. 23,5 : 15,5 cm. VI Seiten, 1 Blatt, 200 Seiten, 12 Blatt mit 168 Abbildungen und 4 Markentafeln. Illustrierter Original-Halbleinenband.<\/p>\n<p>15,00 EUR<\/p>\n","protected":false},"excerpt":{"rendered":"<p>\u00dcber Lackarbeiten, Metallarbeiten, Schwertschmuck, R\u00fcstungen etc. &#8211; Bibliothek f\u00fcr Kunst und Antiquit\u00e4tensammler, Band 2.<\/p>\n","protected":false},"featured_media":27541,"template":"","meta":[],"product_brand":[],"product_cat":[70,178,914],"product_tag":[],"class_list":{"0":"post-4897","1":"product","2":"type-product","3":"status-publish","4":"has-post-thumbnail","6":"product_cat-japan","7":"product_cat-kunstgewerbe","8":"product_cat-zvab","10":"first","11":"instock","12":"purchasable","13":"product-type-simple"},"_links":{"self":[{"href":"https:\/\/antiquariat-steinbach.com\/rarebooks\/wp-json\/wp\/v2\/product\/4897","targetHints":{"allow":["GET"]}}],"collection":[{"href":"https:\/\/antiquariat-steinbach.com\/rarebooks\/wp-json\/wp\/v2\/product"}],"about":[{"href":"https:\/\/antiquariat-steinbach.com\/rarebooks\/wp-json\/wp\/v2\/types\/product"}],"version-history":[{"count":4,"href":"https:\/\/antiquariat-steinbach.com\/rarebooks\/wp-json\/wp\/v2\/product\/4897\/revisions"}],"predecessor-version":[{"id":18480,"href":"https:\/\/antiquariat-steinbach.com\/rarebooks\/wp-json\/wp\/v2\/product\/4897\/revisions\/18480"}],"wp:featuredmedia":[{"embeddable":true,"href":"https:\/\/antiquariat-steinbach.com\/rarebooks\/wp-json\/wp\/v2\/media\/27541"}],"wp:attachment":[{"href":"https:\/\/antiquariat-steinbach.com\/rarebooks\/wp-json\/wp\/v2\/media?parent=4897"}],"wp:term":[{"taxonomy":"product_brand","embeddable":true,"href":"https:\/\/antiquariat-steinbach.com\/rarebooks\/wp-json\/wp\/v2\/product_brand?post=4897"},{"taxonomy":"product_cat","embeddable":true,"href":"https:\/\/antiquariat-steinbach.com\/rarebooks\/wp-json\/wp\/v2\/product_cat?post=4897"},{"taxonomy":"product_tag","embeddable":true,"href":"https:\/\/antiquariat-steinbach.com\/rarebooks\/wp-json\/wp\/v2\/product_tag?post=4897"}],"curies":[{"name":"wp","href":"https:\/\/api.w.org\/{rel}","templated":true}]}}