{"id":4895,"date":"2026-03-12T00:14:06","date_gmt":"2026-03-11T23:14:06","guid":{"rendered":"http:\/\/antiquariat-steinbach.com\/rarebooks\/produkt\/der-kuefer\/"},"modified":"2026-03-12T00:14:08","modified_gmt":"2026-03-11T23:14:08","slug":"kuefer-der-kuefer","status":"publish","type":"product","link":"https:\/\/antiquariat-steinbach.com\/rarebooks\/produkt\/kuefer-der-kuefer\/","title":{"rendered":"K\u00fcfer &#8211;   Der K\u00fcfer."},"content":{"rendered":"<p>O.O. u.J.<\/p>\n<p>8 : 11,5 cm. Eine farbige Tafel.<\/p>\n<p>10,00 EUR<\/p>\n","protected":false},"excerpt":{"rendered":"<p>Zeigt die Heinzelm\u00e4nnchen beim Trinken aus F\u00e4\u00dfern voll Wein. Dazu ein lustiger Spruch.<\/p>\n","protected":false},"featured_media":14938,"template":"","meta":[],"product_brand":[],"product_cat":[382,259,123,60,914],"product_tag":[],"class_list":{"0":"post-4895","1":"product","2":"type-product","3":"status-publish","4":"has-post-thumbnail","6":"product_cat-childrens","7":"product_cat-handwerk","8":"product_cat-karikatur","9":"product_cat-kinderbuecher","10":"product_cat-zvab","12":"first","13":"instock","14":"purchasable","15":"product-type-simple"},"_links":{"self":[{"href":"https:\/\/antiquariat-steinbach.com\/rarebooks\/wp-json\/wp\/v2\/product\/4895","targetHints":{"allow":["GET"]}}],"collection":[{"href":"https:\/\/antiquariat-steinbach.com\/rarebooks\/wp-json\/wp\/v2\/product"}],"about":[{"href":"https:\/\/antiquariat-steinbach.com\/rarebooks\/wp-json\/wp\/v2\/types\/product"}],"version-history":[{"count":3,"href":"https:\/\/antiquariat-steinbach.com\/rarebooks\/wp-json\/wp\/v2\/product\/4895\/revisions"}],"predecessor-version":[{"id":20412,"href":"https:\/\/antiquariat-steinbach.com\/rarebooks\/wp-json\/wp\/v2\/product\/4895\/revisions\/20412"}],"wp:featuredmedia":[{"embeddable":true,"href":"https:\/\/antiquariat-steinbach.com\/rarebooks\/wp-json\/wp\/v2\/media\/14938"}],"wp:attachment":[{"href":"https:\/\/antiquariat-steinbach.com\/rarebooks\/wp-json\/wp\/v2\/media?parent=4895"}],"wp:term":[{"taxonomy":"product_brand","embeddable":true,"href":"https:\/\/antiquariat-steinbach.com\/rarebooks\/wp-json\/wp\/v2\/product_brand?post=4895"},{"taxonomy":"product_cat","embeddable":true,"href":"https:\/\/antiquariat-steinbach.com\/rarebooks\/wp-json\/wp\/v2\/product_cat?post=4895"},{"taxonomy":"product_tag","embeddable":true,"href":"https:\/\/antiquariat-steinbach.com\/rarebooks\/wp-json\/wp\/v2\/product_tag?post=4895"}],"curies":[{"name":"wp","href":"https:\/\/api.w.org\/{rel}","templated":true}]}}