{"id":4893,"date":"2026-03-12T00:14:06","date_gmt":"2026-03-11T23:14:06","guid":{"rendered":"http:\/\/antiquariat-steinbach.com\/rarebooks\/produkt\/manufacture-de-fourneaux-de-cuisine-et-dappareils-de-chauffage\/"},"modified":"2026-03-12T00:14:08","modified_gmt":"2026-03-11T23:14:08","slug":"kuechenherde-delaroche-manufacture-de-fourneaux-de-cuisine-et-dappareils-de-chauffage","status":"publish","type":"product","link":"https:\/\/antiquariat-steinbach.com\/rarebooks\/produkt\/kuechenherde-delaroche-manufacture-de-fourneaux-de-cuisine-et-dappareils-de-chauffage\/","title":{"rendered":"K\u00fcchenherde &#8211;   Delaroche: &#8211;  Manufacture de Fourneaux de Cuisine et d&#8217;Appareils de Chauffage."},"content":{"rendered":"<p>Paris, 1896.<\/p>\n<p>20, 5 : 13,5 cm. 64 Seiten mit vielen Abbildungen. Original-Umschlag.<\/p>\n<p>38,00 EUR<\/p>\n","protected":false},"excerpt":{"rendered":"<p>Die Abbildungen zeigen verschiedene K\u00fcchenherde, f\u00fcr H\u00e4user, Restaurants, Hotels etc., sowie K\u00fcchengeschirr. Mit Preisangaben.<\/p>\n","protected":false},"featured_media":17077,"template":"","meta":[],"product_brand":[],"product_cat":[58,77,914],"product_tag":[],"class_list":{"0":"post-4893","1":"product","2":"type-product","3":"status-publish","4":"has-post-thumbnail","6":"product_cat-gastronomie","7":"product_cat-technik","8":"product_cat-zvab","10":"first","11":"instock","12":"purchasable","13":"product-type-simple"},"_links":{"self":[{"href":"https:\/\/antiquariat-steinbach.com\/rarebooks\/wp-json\/wp\/v2\/product\/4893","targetHints":{"allow":["GET"]}}],"collection":[{"href":"https:\/\/antiquariat-steinbach.com\/rarebooks\/wp-json\/wp\/v2\/product"}],"about":[{"href":"https:\/\/antiquariat-steinbach.com\/rarebooks\/wp-json\/wp\/v2\/types\/product"}],"version-history":[{"count":3,"href":"https:\/\/antiquariat-steinbach.com\/rarebooks\/wp-json\/wp\/v2\/product\/4893\/revisions"}],"predecessor-version":[{"id":20411,"href":"https:\/\/antiquariat-steinbach.com\/rarebooks\/wp-json\/wp\/v2\/product\/4893\/revisions\/20411"}],"wp:featuredmedia":[{"embeddable":true,"href":"https:\/\/antiquariat-steinbach.com\/rarebooks\/wp-json\/wp\/v2\/media\/17077"}],"wp:attachment":[{"href":"https:\/\/antiquariat-steinbach.com\/rarebooks\/wp-json\/wp\/v2\/media?parent=4893"}],"wp:term":[{"taxonomy":"product_brand","embeddable":true,"href":"https:\/\/antiquariat-steinbach.com\/rarebooks\/wp-json\/wp\/v2\/product_brand?post=4893"},{"taxonomy":"product_cat","embeddable":true,"href":"https:\/\/antiquariat-steinbach.com\/rarebooks\/wp-json\/wp\/v2\/product_cat?post=4893"},{"taxonomy":"product_tag","embeddable":true,"href":"https:\/\/antiquariat-steinbach.com\/rarebooks\/wp-json\/wp\/v2\/product_tag?post=4893"}],"curies":[{"name":"wp","href":"https:\/\/api.w.org\/{rel}","templated":true}]}}