{"id":4831,"date":"2026-03-12T00:14:04","date_gmt":"2026-03-11T23:14:04","guid":{"rendered":"http:\/\/antiquariat-steinbach.com\/rarebooks\/produkt\/und-friedens-almanach-von-1804\/"},"modified":"2026-03-12T00:14:04","modified_gmt":"2026-03-11T23:14:04","slug":"kriegs-und-friedens-almanach-von-1804","status":"publish","type":"product","link":"https:\/\/antiquariat-steinbach.com\/rarebooks\/produkt\/kriegs-und-friedens-almanach-von-1804\/","title":{"rendered":"Kriegs-: &#8211;  und Friedens-Almanach von 1804."},"content":{"rendered":"<p>G\u00f6ttingen, Dietrich 1804.<\/p>\n<p>15 : 9,5 cm. 4 Blatt, 243 Seiten gestochener Titel mit Vignette. Halblederband der Zeit mit etwas R\u00fcckenvergoldung.<\/p>\n<p>40,00 EUR<\/p>\n","protected":false},"excerpt":{"rendered":"<p>Der letzte Band der Revolutions-Almanache (1793-1803). Die Titelvignette zeigt ein Portrait Wilhelms des Eroberers. Die Almanache waren &#8222;die glaubw\u00fcrdigsten und erfolgreichsten antirevolution\u00e4ren Publikationen der Zeit&#8220;. &#8211; Etws gebr\u00e4unt, wohl ohne die 7 Kupfer (laut K\u00f6hring 98).<\/p>\n","protected":false},"featured_media":14930,"template":"","meta":[],"product_brand":[],"product_cat":[114,264,914],"product_tag":[],"class_list":{"0":"post-4831","1":"product","2":"type-product","3":"status-publish","4":"has-post-thumbnail","6":"product_cat-almanache","7":"product_cat-militaria","8":"product_cat-zvab","10":"first","11":"instock","12":"purchasable","13":"product-type-simple"},"_links":{"self":[{"href":"https:\/\/antiquariat-steinbach.com\/rarebooks\/wp-json\/wp\/v2\/product\/4831","targetHints":{"allow":["GET"]}}],"collection":[{"href":"https:\/\/antiquariat-steinbach.com\/rarebooks\/wp-json\/wp\/v2\/product"}],"about":[{"href":"https:\/\/antiquariat-steinbach.com\/rarebooks\/wp-json\/wp\/v2\/types\/product"}],"version-history":[{"count":3,"href":"https:\/\/antiquariat-steinbach.com\/rarebooks\/wp-json\/wp\/v2\/product\/4831\/revisions"}],"predecessor-version":[{"id":20388,"href":"https:\/\/antiquariat-steinbach.com\/rarebooks\/wp-json\/wp\/v2\/product\/4831\/revisions\/20388"}],"wp:featuredmedia":[{"embeddable":true,"href":"https:\/\/antiquariat-steinbach.com\/rarebooks\/wp-json\/wp\/v2\/media\/14930"}],"wp:attachment":[{"href":"https:\/\/antiquariat-steinbach.com\/rarebooks\/wp-json\/wp\/v2\/media?parent=4831"}],"wp:term":[{"taxonomy":"product_brand","embeddable":true,"href":"https:\/\/antiquariat-steinbach.com\/rarebooks\/wp-json\/wp\/v2\/product_brand?post=4831"},{"taxonomy":"product_cat","embeddable":true,"href":"https:\/\/antiquariat-steinbach.com\/rarebooks\/wp-json\/wp\/v2\/product_cat?post=4831"},{"taxonomy":"product_tag","embeddable":true,"href":"https:\/\/antiquariat-steinbach.com\/rarebooks\/wp-json\/wp\/v2\/product_tag?post=4831"}],"curies":[{"name":"wp","href":"https:\/\/api.w.org\/{rel}","templated":true}]}}