{"id":479,"date":"2026-03-12T00:00:17","date_gmt":"2026-03-11T23:00:17","guid":{"rendered":"http:\/\/antiquariat-steinbach.com\/rarebooks\/produkt\/pittorico-anno-i\/"},"modified":"2026-03-12T00:00:19","modified_gmt":"2026-03-11T23:00:19","slug":"almanaco-pittorico-anno-i","status":"publish","type":"product","link":"https:\/\/antiquariat-steinbach.com\/rarebooks\/produkt\/almanaco-pittorico-anno-i\/","title":{"rendered":"Almanaco: &#8211;  Pittorico anno I."},"content":{"rendered":"<p>Florenz, Pagani, 1792.<\/p>\n<p>12 : 9 cm. 240 Seiten Mit gestochenen Frontispiz, 12 radierten Portr\u00e4ts und 1 Kupfertafeln. Pappband der Zeit, dreiseitiger Goldschnitt.<\/p>\n<p>120,00 EUR<\/p>\n","protected":false},"excerpt":{"rendered":"<p>Der erste Jahrgang dieses seltenen italienischen Almanachs der Malerei. Italienisch-franz\u00f6sischer Paralleltext. Mit sch\u00f6nen Portraits von G. Barbatelli, G. Bellini, G. Campi, A. D\u00fcrer, A. Fiorentino usw. &#8211; Frontispiz rechts oben mit kleinem Stempel; Einband etwas berieben.<\/p>\n","protected":false},"featured_media":9263,"template":"","meta":[],"product_brand":[],"product_cat":[114,104,32,914],"product_tag":[],"class_list":{"0":"post-479","1":"product","2":"type-product","3":"status-publish","4":"has-post-thumbnail","6":"product_cat-almanache","7":"product_cat-italien","8":"product_cat-literatur","9":"product_cat-zvab","11":"first","12":"instock","13":"purchasable","14":"product-type-simple"},"_links":{"self":[{"href":"https:\/\/antiquariat-steinbach.com\/rarebooks\/wp-json\/wp\/v2\/product\/479","targetHints":{"allow":["GET"]}}],"collection":[{"href":"https:\/\/antiquariat-steinbach.com\/rarebooks\/wp-json\/wp\/v2\/product"}],"about":[{"href":"https:\/\/antiquariat-steinbach.com\/rarebooks\/wp-json\/wp\/v2\/types\/product"}],"version-history":[{"count":3,"href":"https:\/\/antiquariat-steinbach.com\/rarebooks\/wp-json\/wp\/v2\/product\/479\/revisions"}],"predecessor-version":[{"id":18384,"href":"https:\/\/antiquariat-steinbach.com\/rarebooks\/wp-json\/wp\/v2\/product\/479\/revisions\/18384"}],"wp:featuredmedia":[{"embeddable":true,"href":"https:\/\/antiquariat-steinbach.com\/rarebooks\/wp-json\/wp\/v2\/media\/9263"}],"wp:attachment":[{"href":"https:\/\/antiquariat-steinbach.com\/rarebooks\/wp-json\/wp\/v2\/media?parent=479"}],"wp:term":[{"taxonomy":"product_brand","embeddable":true,"href":"https:\/\/antiquariat-steinbach.com\/rarebooks\/wp-json\/wp\/v2\/product_brand?post=479"},{"taxonomy":"product_cat","embeddable":true,"href":"https:\/\/antiquariat-steinbach.com\/rarebooks\/wp-json\/wp\/v2\/product_cat?post=479"},{"taxonomy":"product_tag","embeddable":true,"href":"https:\/\/antiquariat-steinbach.com\/rarebooks\/wp-json\/wp\/v2\/product_tag?post=479"}],"curies":[{"name":"wp","href":"https:\/\/api.w.org\/{rel}","templated":true}]}}