{"id":4755,"date":"2026-03-12T00:12:36","date_gmt":"2026-03-11T23:12:36","guid":{"rendered":"http:\/\/antiquariat-steinbach.com\/rarebooks\/produkt\/original-rohrfeder-zeichnung-signiert\/"},"modified":"2026-03-12T00:12:38","modified_gmt":"2026-03-11T23:12:38","slug":"kinderbuecher-zeichnung-kraszewska-otolia-original-rohrfeder-zeichnung-signiert","status":"publish","type":"product","link":"https:\/\/antiquariat-steinbach.com\/rarebooks\/produkt\/kinderbuecher-zeichnung-kraszewska-otolia-original-rohrfeder-zeichnung-signiert\/","title":{"rendered":"Kinderb\u00fccher &#8211; Zeichnung &#8211;   Kraszewska, Otolia. &#8211;  Original-Rohrfeder-Zeichnung, signiert."},"content":{"rendered":"<p>O.O. u.J. (ca. 1905).<\/p>\n<p>22,5 : 17 cm.<\/p>\n<p>220,00 EUR<\/p>\n","protected":false},"excerpt":{"rendered":"<p>Otolia Kraszewska (1859-1938) polnische M\u00e4rechenillustratorin und Graphikerin. Schaffte auch zahlreiche Illustrationen f\u00fcr die Zeitschrift &#8218;Jugend&#8216;. Die Zeichnung wohl Vorlage f\u00fcr eine M\u00e4rchen illustration zeigt eine Meerjungfrau in den F\u00e4ngen eines D\u00e4mon der in einer riesigen Muschel sitzt.<\/p>\n","protected":false},"featured_media":14913,"template":"","meta":[],"product_brand":[],"product_cat":[137,686,57,914],"product_tag":[],"class_list":{"0":"post-4755","1":"product","2":"type-product","3":"status-publish","4":"has-post-thumbnail","6":"product_cat-maerchen","7":"product_cat-polen","8":"product_cat-zeichnung","9":"product_cat-zvab","11":"first","12":"instock","13":"purchasable","14":"product-type-simple"},"_links":{"self":[{"href":"https:\/\/antiquariat-steinbach.com\/rarebooks\/wp-json\/wp\/v2\/product\/4755","targetHints":{"allow":["GET"]}}],"collection":[{"href":"https:\/\/antiquariat-steinbach.com\/rarebooks\/wp-json\/wp\/v2\/product"}],"about":[{"href":"https:\/\/antiquariat-steinbach.com\/rarebooks\/wp-json\/wp\/v2\/types\/product"}],"version-history":[{"count":4,"href":"https:\/\/antiquariat-steinbach.com\/rarebooks\/wp-json\/wp\/v2\/product\/4755\/revisions"}],"predecessor-version":[{"id":23635,"href":"https:\/\/antiquariat-steinbach.com\/rarebooks\/wp-json\/wp\/v2\/product\/4755\/revisions\/23635"}],"wp:featuredmedia":[{"embeddable":true,"href":"https:\/\/antiquariat-steinbach.com\/rarebooks\/wp-json\/wp\/v2\/media\/14913"}],"wp:attachment":[{"href":"https:\/\/antiquariat-steinbach.com\/rarebooks\/wp-json\/wp\/v2\/media?parent=4755"}],"wp:term":[{"taxonomy":"product_brand","embeddable":true,"href":"https:\/\/antiquariat-steinbach.com\/rarebooks\/wp-json\/wp\/v2\/product_brand?post=4755"},{"taxonomy":"product_cat","embeddable":true,"href":"https:\/\/antiquariat-steinbach.com\/rarebooks\/wp-json\/wp\/v2\/product_cat?post=4755"},{"taxonomy":"product_tag","embeddable":true,"href":"https:\/\/antiquariat-steinbach.com\/rarebooks\/wp-json\/wp\/v2\/product_tag?post=4755"}],"curies":[{"name":"wp","href":"https:\/\/api.w.org\/{rel}","templated":true}]}}