{"id":4751,"date":"2026-03-12T00:12:59","date_gmt":"2026-03-11T23:12:59","guid":{"rendered":"http:\/\/antiquariat-steinbach.com\/rarebooks\/produkt\/auf-wien-berechneter-schreib-kalender-auf-das-jahr-1851\/"},"modified":"2026-03-12T00:13:00","modified_gmt":"2026-03-11T23:13:00","slug":"krakauer-constitutioneller-auf-wien-berechneter-schreib-kalender-auf-das-jahr-1851","status":"publish","type":"product","link":"https:\/\/antiquariat-steinbach.com\/rarebooks\/produkt\/krakauer-constitutioneller-auf-wien-berechneter-schreib-kalender-auf-das-jahr-1851\/","title":{"rendered":"Krakauer, Constitutioneller: &#8211;  auf Wien berechneter Schreib-Kalender auf das Jahr 1851."},"content":{"rendered":"<p>Wien, Ueberreuter 1851.<\/p>\n<p>23 : 189 cm. 266 Seiten mit einigen Textholzschnitten. Typographisch bedruckter Original-Pappband.<\/p>\n<p>90,00 EUR<\/p>\n","protected":false},"excerpt":{"rendered":"<p>Enth\u00e4lt neben dem Kalenderteil: Fortsetzung der Geschichte der ber\u00fchmtesten Staatsm\u00e4nner und Kriegshelden der \u00f6sterreichischen Monarchie &#8211; Der kleine B\u00f6rsensensal &#8211; Der Mobilgarde oder: Jakob Sp\u00e4rlich, welcher einen Commandanten sucht. Auf dem R\u00fcckdeckel eine Figur welche die Dauer des Mondscheines anzeigt.<\/p>\n","protected":false},"featured_media":14912,"template":"","meta":[],"product_brand":[],"product_cat":[71,117,91,914],"product_tag":[],"class_list":{"0":"post-4751","1":"product","2":"type-product","3":"status-publish","4":"has-post-thumbnail","6":"product_cat-austriaca","7":"product_cat-kalender","8":"product_cat-wirtschaft","9":"product_cat-zvab","11":"first","12":"instock","13":"purchasable","14":"product-type-simple"},"_links":{"self":[{"href":"https:\/\/antiquariat-steinbach.com\/rarebooks\/wp-json\/wp\/v2\/product\/4751","targetHints":{"allow":["GET"]}}],"collection":[{"href":"https:\/\/antiquariat-steinbach.com\/rarebooks\/wp-json\/wp\/v2\/product"}],"about":[{"href":"https:\/\/antiquariat-steinbach.com\/rarebooks\/wp-json\/wp\/v2\/types\/product"}],"version-history":[{"count":3,"href":"https:\/\/antiquariat-steinbach.com\/rarebooks\/wp-json\/wp\/v2\/product\/4751\/revisions"}],"predecessor-version":[{"id":20361,"href":"https:\/\/antiquariat-steinbach.com\/rarebooks\/wp-json\/wp\/v2\/product\/4751\/revisions\/20361"}],"wp:featuredmedia":[{"embeddable":true,"href":"https:\/\/antiquariat-steinbach.com\/rarebooks\/wp-json\/wp\/v2\/media\/14912"}],"wp:attachment":[{"href":"https:\/\/antiquariat-steinbach.com\/rarebooks\/wp-json\/wp\/v2\/media?parent=4751"}],"wp:term":[{"taxonomy":"product_brand","embeddable":true,"href":"https:\/\/antiquariat-steinbach.com\/rarebooks\/wp-json\/wp\/v2\/product_brand?post=4751"},{"taxonomy":"product_cat","embeddable":true,"href":"https:\/\/antiquariat-steinbach.com\/rarebooks\/wp-json\/wp\/v2\/product_cat?post=4751"},{"taxonomy":"product_tag","embeddable":true,"href":"https:\/\/antiquariat-steinbach.com\/rarebooks\/wp-json\/wp\/v2\/product_tag?post=4751"}],"curies":[{"name":"wp","href":"https:\/\/api.w.org\/{rel}","templated":true}]}}