{"id":4713,"date":"2026-03-12T00:12:55","date_gmt":"2026-03-11T23:12:55","guid":{"rendered":"http:\/\/antiquariat-steinbach.com\/rarebooks\/produkt\/konstantinopel\/"},"modified":"2026-03-12T00:12:56","modified_gmt":"2026-03-11T23:12:56","slug":"konstantinopel-baedeker-karl-konstantinopel","status":"publish","type":"product","link":"https:\/\/antiquariat-steinbach.com\/rarebooks\/produkt\/konstantinopel-baedeker-karl-konstantinopel\/","title":{"rendered":"Konstantinopel &#8211;   Baedeker, Karl: &#8211;  Konstantinopel."},"content":{"rendered":"<p>Leipzig, Baedeker 1914.<\/p>\n<p>2. Auflage. 16 : 11,5 cm. LXXIV, 484 Seiten mit 18 Karten, 50 Pl\u00e4nen und 15 Grundrissen. Roter Original-Leinenband.<\/p>\n<p>180,00 EUR<\/p>\n","protected":false},"excerpt":{"rendered":"<p>Die fr\u00fchere strenge B\u00fccherzensur ist aufgehoben, doch mag man das Buch f\u00fcr alle F\u00e4lle in der Rocktasche behalten (XX). &#8211; Ohne die erste Karte, Titelblatt mit kleinem Loch, sonst wohlerhalten. &#8211; Hinrichsen D 498.<\/p>\n","protected":false},"featured_media":0,"template":"","meta":[],"product_brand":[],"product_cat":[65,914],"product_tag":[],"class_list":{"0":"post-4713","1":"product","2":"type-product","3":"status-publish","5":"product_cat-geographie","6":"product_cat-zvab","8":"first","9":"instock","10":"purchasable","11":"product-type-simple"},"_links":{"self":[{"href":"https:\/\/antiquariat-steinbach.com\/rarebooks\/wp-json\/wp\/v2\/product\/4713","targetHints":{"allow":["GET"]}}],"collection":[{"href":"https:\/\/antiquariat-steinbach.com\/rarebooks\/wp-json\/wp\/v2\/product"}],"about":[{"href":"https:\/\/antiquariat-steinbach.com\/rarebooks\/wp-json\/wp\/v2\/types\/product"}],"version-history":[{"count":3,"href":"https:\/\/antiquariat-steinbach.com\/rarebooks\/wp-json\/wp\/v2\/product\/4713\/revisions"}],"predecessor-version":[{"id":20342,"href":"https:\/\/antiquariat-steinbach.com\/rarebooks\/wp-json\/wp\/v2\/product\/4713\/revisions\/20342"}],"wp:attachment":[{"href":"https:\/\/antiquariat-steinbach.com\/rarebooks\/wp-json\/wp\/v2\/media?parent=4713"}],"wp:term":[{"taxonomy":"product_brand","embeddable":true,"href":"https:\/\/antiquariat-steinbach.com\/rarebooks\/wp-json\/wp\/v2\/product_brand?post=4713"},{"taxonomy":"product_cat","embeddable":true,"href":"https:\/\/antiquariat-steinbach.com\/rarebooks\/wp-json\/wp\/v2\/product_cat?post=4713"},{"taxonomy":"product_tag","embeddable":true,"href":"https:\/\/antiquariat-steinbach.com\/rarebooks\/wp-json\/wp\/v2\/product_tag?post=4713"}],"curies":[{"name":"wp","href":"https:\/\/api.w.org\/{rel}","templated":true}]}}