{"id":4703,"date":"2026-03-12T00:12:55","date_gmt":"2026-03-11T23:12:55","guid":{"rendered":"http:\/\/antiquariat-steinbach.com\/rarebooks\/produkt\/ich-will-wirken-in-dieser-zeit\/"},"modified":"2026-03-12T00:12:55","modified_gmt":"2026-03-11T23:12:55","slug":"kollwitz-kaethe-ich-will-wirken-in-dieser-zeit","status":"publish","type":"product","link":"https:\/\/antiquariat-steinbach.com\/rarebooks\/produkt\/kollwitz-kaethe-ich-will-wirken-in-dieser-zeit\/","title":{"rendered":"Kollwitz, K\u00e4the: &#8211;  Ich will wirken in dieser Zeit."},"content":{"rendered":"<p>Frankfurt, Wien, Z\u00fcrich, B\u00fcchergilde Gutenberg (1972).<\/p>\n<p>25,5 : 19 cm. 135 Seiten, 2 Blatt mit 4 Tafeln nach Holzschnitten und 48 Tafeln. Illustrierter Original-Leienband mit illustriertem Orig.-Schutzumschlag.<\/p>\n<p>25,00 EUR<\/p>\n","protected":false},"excerpt":{"rendered":"<p>Frankfurt, Wien, Z\u00fcrich, B\u00fcchergilde Gutenberg (1972). 25,5 : 19 cm. 135 Seiten, 2 Blatt mit 4 Tafeln nach Holzschnitten und&hellip;<\/p>\n","protected":false},"featured_media":27813,"template":"","meta":[],"product_brand":[],"product_cat":[29,40,914],"product_tag":[],"class_list":{"0":"post-4703","1":"product","2":"type-product","3":"status-publish","4":"has-post-thumbnail","6":"product_cat-20-jahrhundert","7":"product_cat-kuenstlermonographien","8":"product_cat-zvab","10":"first","11":"instock","12":"purchasable","13":"product-type-simple"},"_links":{"self":[{"href":"https:\/\/antiquariat-steinbach.com\/rarebooks\/wp-json\/wp\/v2\/product\/4703","targetHints":{"allow":["GET"]}}],"collection":[{"href":"https:\/\/antiquariat-steinbach.com\/rarebooks\/wp-json\/wp\/v2\/product"}],"about":[{"href":"https:\/\/antiquariat-steinbach.com\/rarebooks\/wp-json\/wp\/v2\/types\/product"}],"version-history":[{"count":3,"href":"https:\/\/antiquariat-steinbach.com\/rarebooks\/wp-json\/wp\/v2\/product\/4703\/revisions"}],"predecessor-version":[{"id":20338,"href":"https:\/\/antiquariat-steinbach.com\/rarebooks\/wp-json\/wp\/v2\/product\/4703\/revisions\/20338"}],"wp:featuredmedia":[{"embeddable":true,"href":"https:\/\/antiquariat-steinbach.com\/rarebooks\/wp-json\/wp\/v2\/media\/27813"}],"wp:attachment":[{"href":"https:\/\/antiquariat-steinbach.com\/rarebooks\/wp-json\/wp\/v2\/media?parent=4703"}],"wp:term":[{"taxonomy":"product_brand","embeddable":true,"href":"https:\/\/antiquariat-steinbach.com\/rarebooks\/wp-json\/wp\/v2\/product_brand?post=4703"},{"taxonomy":"product_cat","embeddable":true,"href":"https:\/\/antiquariat-steinbach.com\/rarebooks\/wp-json\/wp\/v2\/product_cat?post=4703"},{"taxonomy":"product_tag","embeddable":true,"href":"https:\/\/antiquariat-steinbach.com\/rarebooks\/wp-json\/wp\/v2\/product_tag?post=4703"}],"curies":[{"name":"wp","href":"https:\/\/api.w.org\/{rel}","templated":true}]}}