{"id":4651,"date":"2026-03-12T00:12:51","date_gmt":"2026-03-11T23:12:51","guid":{"rendered":"http:\/\/antiquariat-steinbach.com\/rarebooks\/produkt\/rheinische-malerei-in-der-biedermeierzeit-zugleich-ein-rueckblick-auf-die-jubilaeums-ausstellung-duesseldorf-1925-der-jahrtausendfeier-der-rheinlande\/"},"modified":"2026-03-12T00:12:53","modified_gmt":"2026-03-11T23:12:53","slug":"koetschau-karl-rheinische-malerei-in-der-biedermeierzeit-zugleich-ein-rueckblick-auf-die-jubilaeums-ausstellung-duesseldorf-1925-der-jahrtausendfeier-der-rheinlande","status":"publish","type":"product","link":"https:\/\/antiquariat-steinbach.com\/rarebooks\/produkt\/koetschau-karl-rheinische-malerei-in-der-biedermeierzeit-zugleich-ein-rueckblick-auf-die-jubilaeums-ausstellung-duesseldorf-1925-der-jahrtausendfeier-der-rheinlande\/","title":{"rendered":"Koetschau, Karl: &#8211;  Rheinische Malerei in der Biedermeierzeit zugleich ein R\u00fcckblick auf die Jubil\u00e4ums-Ausstellung D\u00fcsseldorf 1925 der Jahrtausendfeier der Rheinlande."},"content":{"rendered":"<p>D\u00fcsseldorf, 1926.<\/p>\n<p>29 : 23 cm. 240 Seiten mit \u00fcber 100 Abbildungen auf Tafeln. Original-Halbleinenband.<\/p>\n<p>25,00 EUR<\/p>\n","protected":false},"excerpt":{"rendered":"<p>D\u00fcsseldorf, 1926. 29 : 23 cm. 240 Seiten mit \u00fcber 100 Abbildungen auf Tafeln. Original-Halbleinenband. 25,00 EUR<\/p>\n","protected":false},"featured_media":0,"template":"","meta":[],"product_brand":[],"product_cat":[69,30,914],"product_tag":[],"class_list":{"0":"post-4651","1":"product","2":"type-product","3":"status-publish","5":"product_cat-kunstgeschichte","6":"product_cat-malerei","7":"product_cat-zvab","9":"first","10":"instock","11":"purchasable","12":"product-type-simple"},"_links":{"self":[{"href":"https:\/\/antiquariat-steinbach.com\/rarebooks\/wp-json\/wp\/v2\/product\/4651","targetHints":{"allow":["GET"]}}],"collection":[{"href":"https:\/\/antiquariat-steinbach.com\/rarebooks\/wp-json\/wp\/v2\/product"}],"about":[{"href":"https:\/\/antiquariat-steinbach.com\/rarebooks\/wp-json\/wp\/v2\/types\/product"}],"version-history":[{"count":3,"href":"https:\/\/antiquariat-steinbach.com\/rarebooks\/wp-json\/wp\/v2\/product\/4651\/revisions"}],"predecessor-version":[{"id":20322,"href":"https:\/\/antiquariat-steinbach.com\/rarebooks\/wp-json\/wp\/v2\/product\/4651\/revisions\/20322"}],"wp:attachment":[{"href":"https:\/\/antiquariat-steinbach.com\/rarebooks\/wp-json\/wp\/v2\/media?parent=4651"}],"wp:term":[{"taxonomy":"product_brand","embeddable":true,"href":"https:\/\/antiquariat-steinbach.com\/rarebooks\/wp-json\/wp\/v2\/product_brand?post=4651"},{"taxonomy":"product_cat","embeddable":true,"href":"https:\/\/antiquariat-steinbach.com\/rarebooks\/wp-json\/wp\/v2\/product_cat?post=4651"},{"taxonomy":"product_tag","embeddable":true,"href":"https:\/\/antiquariat-steinbach.com\/rarebooks\/wp-json\/wp\/v2\/product_tag?post=4651"}],"curies":[{"name":"wp","href":"https:\/\/api.w.org\/{rel}","templated":true}]}}