{"id":4645,"date":"2026-03-12T00:12:51","date_gmt":"2026-03-11T23:12:51","guid":{"rendered":"http:\/\/antiquariat-steinbach.com\/rarebooks\/produkt\/fanferlieschen-schoenefuesschen-oper-nach-clemens-brentano-musik-von-kurt-schwertsik\/"},"modified":"2026-03-12T00:12:52","modified_gmt":"2026-03-11T23:12:52","slug":"koerner-karin-und-thomas-fanferlieschen-schoenefuesschen-oper-nach-clemens-brentano-musik-von-kurt-schwertsik","status":"publish","type":"product","link":"https:\/\/antiquariat-steinbach.com\/rarebooks\/produkt\/koerner-karin-und-thomas-fanferlieschen-schoenefuesschen-oper-nach-clemens-brentano-musik-von-kurt-schwertsik\/","title":{"rendered":"K\u00f6rner, Karin und Thomas. &#8211;  Fanferlieschen Sch\u00f6nef\u00fc\u00dfchen. Oper nach Clemens Brentano. Musik von Kurt Schwertsik."},"content":{"rendered":"<p>Stuttgart, Staatstheater, 1983.<\/p>\n<p>10,5 : 15 cm. Mit vielen, teils farbigen Illustrationen. Original Karton.<\/p>\n<p>15,00 EUR<\/p>\n","protected":false},"excerpt":{"rendered":"<p>Programmheft des Gastspiels der Staatsoper Stuttgart bei den Wiener Festwochen 1988. Mit dem lose beiligenden Doppelblatt f\u00fcr die Wiener Festwochen<\/p>\n","protected":false},"featured_media":14894,"template":"","meta":[],"product_brand":[],"product_cat":[144,145,914],"product_tag":[],"class_list":{"0":"post-4645","1":"product","2":"type-product","3":"status-publish","4":"has-post-thumbnail","6":"product_cat-musik","7":"product_cat-theater","8":"product_cat-zvab","10":"first","11":"instock","12":"purchasable","13":"product-type-simple"},"_links":{"self":[{"href":"https:\/\/antiquariat-steinbach.com\/rarebooks\/wp-json\/wp\/v2\/product\/4645","targetHints":{"allow":["GET"]}}],"collection":[{"href":"https:\/\/antiquariat-steinbach.com\/rarebooks\/wp-json\/wp\/v2\/product"}],"about":[{"href":"https:\/\/antiquariat-steinbach.com\/rarebooks\/wp-json\/wp\/v2\/types\/product"}],"version-history":[{"count":3,"href":"https:\/\/antiquariat-steinbach.com\/rarebooks\/wp-json\/wp\/v2\/product\/4645\/revisions"}],"predecessor-version":[{"id":20319,"href":"https:\/\/antiquariat-steinbach.com\/rarebooks\/wp-json\/wp\/v2\/product\/4645\/revisions\/20319"}],"wp:featuredmedia":[{"embeddable":true,"href":"https:\/\/antiquariat-steinbach.com\/rarebooks\/wp-json\/wp\/v2\/media\/14894"}],"wp:attachment":[{"href":"https:\/\/antiquariat-steinbach.com\/rarebooks\/wp-json\/wp\/v2\/media?parent=4645"}],"wp:term":[{"taxonomy":"product_brand","embeddable":true,"href":"https:\/\/antiquariat-steinbach.com\/rarebooks\/wp-json\/wp\/v2\/product_brand?post=4645"},{"taxonomy":"product_cat","embeddable":true,"href":"https:\/\/antiquariat-steinbach.com\/rarebooks\/wp-json\/wp\/v2\/product_cat?post=4645"},{"taxonomy":"product_tag","embeddable":true,"href":"https:\/\/antiquariat-steinbach.com\/rarebooks\/wp-json\/wp\/v2\/product_tag?post=4645"}],"curies":[{"name":"wp","href":"https:\/\/api.w.org\/{rel}","templated":true}]}}