{"id":4607,"date":"2026-03-12T00:08:04","date_gmt":"2026-03-11T23:08:04","guid":{"rendered":"http:\/\/antiquariat-steinbach.com\/rarebooks\/produkt\/vollstaendige-und-genaue-anleitung-alle-gattungen-von-backwerk-krems-sulzen-eingesottenem-und-eingelegtem-obste-auf-die-beste-und-wohlfeilste-art-zu-verfertigen\/"},"modified":"2026-03-12T00:08:05","modified_gmt":"2026-03-11T23:08:05","slug":"gastronomie-kochbuecher-rohrer-m-j-vollstaendige-und-genaue-anleitung-alle-gattungen-von-backwerk-krems-sulzen-eingesottenem-und-eingelegtem-obste-auf-die-beste-und-wohlfeilste-art-z","status":"publish","type":"product","link":"https:\/\/antiquariat-steinbach.com\/rarebooks\/produkt\/gastronomie-kochbuecher-rohrer-m-j-vollstaendige-und-genaue-anleitung-alle-gattungen-von-backwerk-krems-sulzen-eingesottenem-und-eingelegtem-obste-auf-die-beste-und-wohlfeilste-art-z\/","title":{"rendered":"Gastronomie &#8211; Kochb\u00fccher &#8211;   (Rohrer, M.J.): &#8211;  Vollst\u00e4ndige und genaue Anleitung alle Gattungen von Backwerk, Krem&#8217;s, Sulzen, eingesottenem und eingelegtem Obste auf die beste und wohlfeilste Art zu verfertigen."},"content":{"rendered":"<p>Br\u00fcnn, Rohrer 1852.<\/p>\n<p>17. Auflage. 19,5 : 12 cm. 2 Blatt, 165 Seiten, 3 Blatt Pappband der Zeit.<\/p>\n<p>180,00 EUR<\/p>\n","protected":false},"excerpt":{"rendered":"<p>Das Schwergewicht dieses seltenen Kochbuches liegt bei den S\u00fcsspeisen. Enth\u00e4lt 286 Rezepte von Teigen, Pasteten, Puddings, Strudeln, Kuchen, Torten, Zuckerb\u00e4ckereien etc. Der Verfasser nennt sicht am Ende des Vorworts &#8222;M.J.R.&#8220;. &#8211; Einband minimal berieben, sonst sch\u00f6nes Exemplar.- Vgl. Weiss 3238.<\/p>\n","protected":false},"featured_media":24224,"template":"","meta":[],"product_brand":[],"product_cat":[58,112,193,914],"product_tag":[],"class_list":{"0":"post-4607","1":"product","2":"type-product","3":"status-publish","4":"has-post-thumbnail","6":"product_cat-gastronomie","7":"product_cat-kochbuecher","8":"product_cat-konditorei","9":"product_cat-zvab","11":"first","12":"instock","13":"purchasable","14":"product-type-simple"},"_links":{"self":[{"href":"https:\/\/antiquariat-steinbach.com\/rarebooks\/wp-json\/wp\/v2\/product\/4607","targetHints":{"allow":["GET"]}}],"collection":[{"href":"https:\/\/antiquariat-steinbach.com\/rarebooks\/wp-json\/wp\/v2\/product"}],"about":[{"href":"https:\/\/antiquariat-steinbach.com\/rarebooks\/wp-json\/wp\/v2\/types\/product"}],"version-history":[{"count":4,"href":"https:\/\/antiquariat-steinbach.com\/rarebooks\/wp-json\/wp\/v2\/product\/4607\/revisions"}],"predecessor-version":[{"id":24223,"href":"https:\/\/antiquariat-steinbach.com\/rarebooks\/wp-json\/wp\/v2\/product\/4607\/revisions\/24223"}],"wp:featuredmedia":[{"embeddable":true,"href":"https:\/\/antiquariat-steinbach.com\/rarebooks\/wp-json\/wp\/v2\/media\/24224"}],"wp:attachment":[{"href":"https:\/\/antiquariat-steinbach.com\/rarebooks\/wp-json\/wp\/v2\/media?parent=4607"}],"wp:term":[{"taxonomy":"product_brand","embeddable":true,"href":"https:\/\/antiquariat-steinbach.com\/rarebooks\/wp-json\/wp\/v2\/product_brand?post=4607"},{"taxonomy":"product_cat","embeddable":true,"href":"https:\/\/antiquariat-steinbach.com\/rarebooks\/wp-json\/wp\/v2\/product_cat?post=4607"},{"taxonomy":"product_tag","embeddable":true,"href":"https:\/\/antiquariat-steinbach.com\/rarebooks\/wp-json\/wp\/v2\/product_tag?post=4607"}],"curies":[{"name":"wp","href":"https:\/\/api.w.org\/{rel}","templated":true}]}}