{"id":4605,"date":"2026-03-12T00:12:49","date_gmt":"2026-03-11T23:12:49","guid":{"rendered":"http:\/\/antiquariat-steinbach.com\/rarebooks\/produkt\/kochen-im-freien\/"},"modified":"2026-03-12T00:12:50","modified_gmt":"2026-03-11T23:12:50","slug":"kochbuecher-pomaine-edouard-de-kochen-im-freien","status":"publish","type":"product","link":"https:\/\/antiquariat-steinbach.com\/rarebooks\/produkt\/kochbuecher-pomaine-edouard-de-kochen-im-freien\/","title":{"rendered":"Kochb\u00fccher &#8211;   Pomaine, Edouard de: &#8211;  Kochen im Freien."},"content":{"rendered":"<p>Z\u00fcrich &#8211; Leipzig, Verlag f\u00fcr Literatur und Kunst 1938.<\/p>\n<p>14,5 : 10,5 cm. 170 Seiten mit 11 Illustrationen von Hans Meid. Farbig illustrierter Original-Leinenband.<\/p>\n<p>60,00 EUR<\/p>\n","protected":false},"excerpt":{"rendered":"<p>Erste deutsche Ausgabe.  &#8211; Horn\/A. 1141.<\/p>\n","protected":false},"featured_media":14888,"template":"","meta":[],"product_brand":[],"product_cat":[58,112,914],"product_tag":[],"class_list":{"0":"post-4605","1":"product","2":"type-product","3":"status-publish","4":"has-post-thumbnail","6":"product_cat-gastronomie","7":"product_cat-kochbuecher","8":"product_cat-zvab","10":"first","11":"instock","12":"purchasable","13":"product-type-simple"},"_links":{"self":[{"href":"https:\/\/antiquariat-steinbach.com\/rarebooks\/wp-json\/wp\/v2\/product\/4605","targetHints":{"allow":["GET"]}}],"collection":[{"href":"https:\/\/antiquariat-steinbach.com\/rarebooks\/wp-json\/wp\/v2\/product"}],"about":[{"href":"https:\/\/antiquariat-steinbach.com\/rarebooks\/wp-json\/wp\/v2\/types\/product"}],"version-history":[{"count":3,"href":"https:\/\/antiquariat-steinbach.com\/rarebooks\/wp-json\/wp\/v2\/product\/4605\/revisions"}],"predecessor-version":[{"id":20306,"href":"https:\/\/antiquariat-steinbach.com\/rarebooks\/wp-json\/wp\/v2\/product\/4605\/revisions\/20306"}],"wp:featuredmedia":[{"embeddable":true,"href":"https:\/\/antiquariat-steinbach.com\/rarebooks\/wp-json\/wp\/v2\/media\/14888"}],"wp:attachment":[{"href":"https:\/\/antiquariat-steinbach.com\/rarebooks\/wp-json\/wp\/v2\/media?parent=4605"}],"wp:term":[{"taxonomy":"product_brand","embeddable":true,"href":"https:\/\/antiquariat-steinbach.com\/rarebooks\/wp-json\/wp\/v2\/product_brand?post=4605"},{"taxonomy":"product_cat","embeddable":true,"href":"https:\/\/antiquariat-steinbach.com\/rarebooks\/wp-json\/wp\/v2\/product_cat?post=4605"},{"taxonomy":"product_tag","embeddable":true,"href":"https:\/\/antiquariat-steinbach.com\/rarebooks\/wp-json\/wp\/v2\/product_tag?post=4605"}],"curies":[{"name":"wp","href":"https:\/\/api.w.org\/{rel}","templated":true}]}}