{"id":4597,"date":"2026-03-12T00:10:09","date_gmt":"2026-03-11T23:10:09","guid":{"rendered":"http:\/\/antiquariat-steinbach.com\/rarebooks\/produkt\/lexikon-der-kueche\/"},"modified":"2026-03-12T00:10:11","modified_gmt":"2026-03-11T23:10:11","slug":"hering-richard-lexikon-der-kueche","status":"publish","type":"product","link":"https:\/\/antiquariat-steinbach.com\/rarebooks\/produkt\/hering-richard-lexikon-der-kueche\/","title":{"rendered":"Hering, Richard: &#8211;  Lexikon der K\u00fcche."},"content":{"rendered":"<p>G\u00fctersloh, Bertelsmann o.J. (um 1950).<\/p>\n<p>8. Auflage. 20 : 11,5 cm. 803 Seiten, 2 Blatt mit einigen Illustrationen. Original-Leinenband in Pappschuber.<\/p>\n<p>25,00 EUR<\/p>\n","protected":false},"excerpt":{"rendered":"<p>Standardwerk f\u00fcr Berufsk\u00f6che (Horn\/A. 906 Ausg. 1922). Der Verfasser war K\u00fcchenchef im Hotel Metropol in Wien. Enth\u00e4lt Rezepte f\u00fcr Suppen, Eier, Fische, Saucen, S\u00fcsspeisen usw. bis zu amerikanischen Getr\u00e4nken und Bowlen. Ferner ein Fachw\u00f6rterverzeichnis in Deutsch, Englisch, Franz\u00f6sisch, Italienisch und Spanisch. Gegen\u00fcber den fr\u00fcheren Ausgaben wesentlich erweitert. &#8211; Neuwertiges Exemplar. &#8211; Vgl. Weiss 1562.<\/p>\n","protected":false},"featured_media":26501,"template":"","meta":[],"product_brand":[],"product_cat":[58,112,914],"product_tag":[],"class_list":{"0":"post-4597","1":"product","2":"type-product","3":"status-publish","4":"has-post-thumbnail","6":"product_cat-gastronomie","7":"product_cat-kochbuecher","8":"product_cat-zvab","10":"first","11":"instock","12":"purchasable","13":"product-type-simple"},"_links":{"self":[{"href":"https:\/\/antiquariat-steinbach.com\/rarebooks\/wp-json\/wp\/v2\/product\/4597","targetHints":{"allow":["GET"]}}],"collection":[{"href":"https:\/\/antiquariat-steinbach.com\/rarebooks\/wp-json\/wp\/v2\/product"}],"about":[{"href":"https:\/\/antiquariat-steinbach.com\/rarebooks\/wp-json\/wp\/v2\/types\/product"}],"version-history":[{"count":4,"href":"https:\/\/antiquariat-steinbach.com\/rarebooks\/wp-json\/wp\/v2\/product\/4597\/revisions"}],"predecessor-version":[{"id":27756,"href":"https:\/\/antiquariat-steinbach.com\/rarebooks\/wp-json\/wp\/v2\/product\/4597\/revisions\/27756"}],"wp:featuredmedia":[{"embeddable":true,"href":"https:\/\/antiquariat-steinbach.com\/rarebooks\/wp-json\/wp\/v2\/media\/26501"}],"wp:attachment":[{"href":"https:\/\/antiquariat-steinbach.com\/rarebooks\/wp-json\/wp\/v2\/media?parent=4597"}],"wp:term":[{"taxonomy":"product_brand","embeddable":true,"href":"https:\/\/antiquariat-steinbach.com\/rarebooks\/wp-json\/wp\/v2\/product_brand?post=4597"},{"taxonomy":"product_cat","embeddable":true,"href":"https:\/\/antiquariat-steinbach.com\/rarebooks\/wp-json\/wp\/v2\/product_cat?post=4597"},{"taxonomy":"product_tag","embeddable":true,"href":"https:\/\/antiquariat-steinbach.com\/rarebooks\/wp-json\/wp\/v2\/product_tag?post=4597"}],"curies":[{"name":"wp","href":"https:\/\/api.w.org\/{rel}","templated":true}]}}