{"id":4593,"date":"2026-03-12T00:12:47","date_gmt":"2026-03-11T23:12:47","guid":{"rendered":"http:\/\/antiquariat-steinbach.com\/rarebooks\/produkt\/ein-speisezettel-fuer-das-ganze-jahr-mit-den-dazu-gehoerenden-rezepten\/"},"modified":"2026-03-12T00:12:49","modified_gmt":"2026-03-11T23:12:49","slug":"kochbuecher-baerwolff-ida-ein-speisezettel-fuer-das-ganze-jahr-mit-den-dazu-gehoerenden-rezepten","status":"publish","type":"product","link":"https:\/\/antiquariat-steinbach.com\/rarebooks\/produkt\/kochbuecher-baerwolff-ida-ein-speisezettel-fuer-das-ganze-jahr-mit-den-dazu-gehoerenden-rezepten\/","title":{"rendered":"Kochb\u00fccher &#8211;   Baerwolff, Ida: &#8211;  Ein Speisezettel f\u00fcr das ganze Jahr mit den dazu geh\u00f6renden Rezepten."},"content":{"rendered":"<p>Stuttgart, Steinkopf (1913).<\/p>\n<p>21 : 14 cm. 437, 20 Seiten, 1 Blatt Farbig illustrierter Original-Leinenband.<\/p>\n<p>50,00 EUR<\/p>\n","protected":false},"excerpt":{"rendered":"<p>Erste Ausgabe. &#8211; Das Buch ist unterteilt in Speisezettel f\u00fcr jeden Tag im Jahr (bis S. 62), 20 Seiten Inhaltsverzeichnis, Seiten 63 &#8211; 437 mit hunderten von Rezepten. Die Verfasserin war eine Z\u00fcrcher Vorg\u00e4ngerin von M. Kaltenbach und Agnes Amberg. &#8211; Weiss 214.<\/p>\n","protected":false},"featured_media":27463,"template":"","meta":[],"product_brand":[],"product_cat":[58,112,34,914],"product_tag":[],"class_list":{"0":"post-4593","1":"product","2":"type-product","3":"status-publish","4":"has-post-thumbnail","6":"product_cat-gastronomie","7":"product_cat-kochbuecher","8":"product_cat-nov-11","9":"product_cat-zvab","11":"first","12":"instock","13":"purchasable","14":"product-type-simple"},"_links":{"self":[{"href":"https:\/\/antiquariat-steinbach.com\/rarebooks\/wp-json\/wp\/v2\/product\/4593","targetHints":{"allow":["GET"]}}],"collection":[{"href":"https:\/\/antiquariat-steinbach.com\/rarebooks\/wp-json\/wp\/v2\/product"}],"about":[{"href":"https:\/\/antiquariat-steinbach.com\/rarebooks\/wp-json\/wp\/v2\/types\/product"}],"version-history":[{"count":3,"href":"https:\/\/antiquariat-steinbach.com\/rarebooks\/wp-json\/wp\/v2\/product\/4593\/revisions"}],"predecessor-version":[{"id":20302,"href":"https:\/\/antiquariat-steinbach.com\/rarebooks\/wp-json\/wp\/v2\/product\/4593\/revisions\/20302"}],"wp:featuredmedia":[{"embeddable":true,"href":"https:\/\/antiquariat-steinbach.com\/rarebooks\/wp-json\/wp\/v2\/media\/27463"}],"wp:attachment":[{"href":"https:\/\/antiquariat-steinbach.com\/rarebooks\/wp-json\/wp\/v2\/media?parent=4593"}],"wp:term":[{"taxonomy":"product_brand","embeddable":true,"href":"https:\/\/antiquariat-steinbach.com\/rarebooks\/wp-json\/wp\/v2\/product_brand?post=4593"},{"taxonomy":"product_cat","embeddable":true,"href":"https:\/\/antiquariat-steinbach.com\/rarebooks\/wp-json\/wp\/v2\/product_cat?post=4593"},{"taxonomy":"product_tag","embeddable":true,"href":"https:\/\/antiquariat-steinbach.com\/rarebooks\/wp-json\/wp\/v2\/product_tag?post=4593"}],"curies":[{"name":"wp","href":"https:\/\/api.w.org\/{rel}","templated":true}]}}