{"id":4549,"date":"2026-03-12T00:12:45","date_gmt":"2026-03-11T23:12:45","guid":{"rendered":"http:\/\/antiquariat-steinbach.com\/rarebooks\/produkt\/die-fabelhaften-todsuenden-ira-invidia-gul-avaricia-luxuria-decidia-superbia\/"},"modified":"2026-03-12T00:12:46","modified_gmt":"2026-03-11T23:12:46","slug":"klinkan-alfred-die-fabelhaften-todsuenden-ira-invidia-gul-avaricia-luxuria-decidia-superbia","status":"publish","type":"product","link":"https:\/\/antiquariat-steinbach.com\/rarebooks\/produkt\/klinkan-alfred-die-fabelhaften-todsuenden-ira-invidia-gul-avaricia-luxuria-decidia-superbia\/","title":{"rendered":"Klinkan, Alfred. &#8211;  Die fabelhaften Tods\u00fcnden. Ira &#8211; Invidia &#8211; Gul &#8211; Avaricia &#8211; Luxuria &#8211; Decidia -Superbia."},"content":{"rendered":"<p>Salzburg, Widrch, 1988.<\/p>\n<p>Titelblatt mit 7 Abbildungen, 7 (1 kolorierte) signierte, datierte und nummerierte Original-Radierungen von Alfred Klinkan, 1 Blatt Druckvermerk. Farbig illustrierte Original Leinen-Kassette.<\/p>\n<p>1600,00 EUR<\/p>\n","protected":false},"excerpt":{"rendered":"<p>Alfred Klinkan (Judenburg 1950-1994 Wien) war von Anfang an eigenwillig und phantasievoll, seinen eigenen unverwechselbaren Stil suchend, und einer der Hauptvertreter der Neuen Malerei \u00d6sterreichs in den 70er und 80er Jahren. Prof. Wilfried Skreiner bezeichnet Klinkan &#8222;als J\u00e4ger seiner Phantasie&#8220; und &#8222;hintergr\u00fcndigen Alchemisten der Farbe&#8220;. &#8222;Guter Kilian , er hat sein kurzes Leben lang keine Schwierigkeiten mit dem Finden gehabt, mit dem Erfinden. Denn er hatte seine Phantasie&#8220; (Josef Mikl). &#8222;Was er hinterlassen hat, ist so, wie es ist: phantastisch in seiner \u00dcberf\u00fclle, reich durch Intensit\u00e4t und reizvoll durch Eigent\u00fcmlichkeit &#8220; (Otto Breicha). &#8211; Eines von nur 30 nummerierten Exemplaren der einmaligen Auflage. Die Platten wurden nach dem Druck zerst\u00f6rt. &#8211; Sehr selten.<\/p>\n","protected":false},"featured_media":14874,"template":"","meta":[],"product_brand":[],"product_cat":[29,71,43,317,677,914],"product_tag":[],"class_list":{"0":"post-4549","1":"product","2":"type-product","3":"status-publish","4":"has-post-thumbnail","6":"product_cat-20-jahrhundert","7":"product_cat-austriaca","8":"product_cat-illustrierte-buecher","9":"product_cat-kuenstlergraphik","10":"product_cat-mappe","11":"product_cat-zvab","13":"first","14":"instock","15":"purchasable","16":"product-type-simple"},"_links":{"self":[{"href":"https:\/\/antiquariat-steinbach.com\/rarebooks\/wp-json\/wp\/v2\/product\/4549","targetHints":{"allow":["GET"]}}],"collection":[{"href":"https:\/\/antiquariat-steinbach.com\/rarebooks\/wp-json\/wp\/v2\/product"}],"about":[{"href":"https:\/\/antiquariat-steinbach.com\/rarebooks\/wp-json\/wp\/v2\/types\/product"}],"version-history":[{"count":4,"href":"https:\/\/antiquariat-steinbach.com\/rarebooks\/wp-json\/wp\/v2\/product\/4549\/revisions"}],"predecessor-version":[{"id":20283,"href":"https:\/\/antiquariat-steinbach.com\/rarebooks\/wp-json\/wp\/v2\/product\/4549\/revisions\/20283"}],"wp:featuredmedia":[{"embeddable":true,"href":"https:\/\/antiquariat-steinbach.com\/rarebooks\/wp-json\/wp\/v2\/media\/14874"}],"wp:attachment":[{"href":"https:\/\/antiquariat-steinbach.com\/rarebooks\/wp-json\/wp\/v2\/media?parent=4549"}],"wp:term":[{"taxonomy":"product_brand","embeddable":true,"href":"https:\/\/antiquariat-steinbach.com\/rarebooks\/wp-json\/wp\/v2\/product_brand?post=4549"},{"taxonomy":"product_cat","embeddable":true,"href":"https:\/\/antiquariat-steinbach.com\/rarebooks\/wp-json\/wp\/v2\/product_cat?post=4549"},{"taxonomy":"product_tag","embeddable":true,"href":"https:\/\/antiquariat-steinbach.com\/rarebooks\/wp-json\/wp\/v2\/product_tag?post=4549"}],"curies":[{"name":"wp","href":"https:\/\/api.w.org\/{rel}","templated":true}]}}