{"id":4545,"date":"2026-03-12T00:12:45","date_gmt":"2026-03-11T23:12:45","guid":{"rendered":"http:\/\/antiquariat-steinbach.com\/rarebooks\/produkt\/ausgewaehlte-werke\/"},"modified":"2026-03-12T00:12:46","modified_gmt":"2026-03-11T23:12:46","slug":"klinger-friedrich-maximilian-ausgewaehlte-werke","status":"publish","type":"product","link":"https:\/\/antiquariat-steinbach.com\/rarebooks\/produkt\/klinger-friedrich-maximilian-ausgewaehlte-werke\/","title":{"rendered":"Klinger, Friedrich Maximilian: &#8211;  Ausgew\u00e4hlte Werke."},"content":{"rendered":"<p>Stuttgart, Cotta 1878 &#8211; 1880.<\/p>\n<p>8 Teile in 4 B\u00e4nden. 17 : 11,5 cm. Mit gestochenem Portr\u00e4t. Leinenb\u00e4nde der Zeit mit R\u00fcckenvergoldung und Deckelblindpr\u00e4gung.<\/p>\n<p>80,00 EUR<\/p>\n","protected":false},"excerpt":{"rendered":"<p>Stuttgart, Cotta 1878 &#8211; 1880. 8 Teile in 4 B\u00e4nden. 17 : 11,5 cm. Mit gestochenem Portr\u00e4t. Leinenb\u00e4nde der Zeit&hellip;<\/p>\n","protected":false},"featured_media":14873,"template":"","meta":[],"product_brand":[],"product_cat":[301,32,103,914],"product_tag":[],"class_list":{"0":"post-4545","1":"product","2":"type-product","3":"status-publish","4":"has-post-thumbnail","6":"product_cat-gesamtausgaben","7":"product_cat-literatur","8":"product_cat-michael","9":"product_cat-zvab","11":"first","12":"instock","13":"purchasable","14":"product-type-simple"},"_links":{"self":[{"href":"https:\/\/antiquariat-steinbach.com\/rarebooks\/wp-json\/wp\/v2\/product\/4545","targetHints":{"allow":["GET"]}}],"collection":[{"href":"https:\/\/antiquariat-steinbach.com\/rarebooks\/wp-json\/wp\/v2\/product"}],"about":[{"href":"https:\/\/antiquariat-steinbach.com\/rarebooks\/wp-json\/wp\/v2\/types\/product"}],"version-history":[{"count":3,"href":"https:\/\/antiquariat-steinbach.com\/rarebooks\/wp-json\/wp\/v2\/product\/4545\/revisions"}],"predecessor-version":[{"id":20281,"href":"https:\/\/antiquariat-steinbach.com\/rarebooks\/wp-json\/wp\/v2\/product\/4545\/revisions\/20281"}],"wp:featuredmedia":[{"embeddable":true,"href":"https:\/\/antiquariat-steinbach.com\/rarebooks\/wp-json\/wp\/v2\/media\/14873"}],"wp:attachment":[{"href":"https:\/\/antiquariat-steinbach.com\/rarebooks\/wp-json\/wp\/v2\/media?parent=4545"}],"wp:term":[{"taxonomy":"product_brand","embeddable":true,"href":"https:\/\/antiquariat-steinbach.com\/rarebooks\/wp-json\/wp\/v2\/product_brand?post=4545"},{"taxonomy":"product_cat","embeddable":true,"href":"https:\/\/antiquariat-steinbach.com\/rarebooks\/wp-json\/wp\/v2\/product_cat?post=4545"},{"taxonomy":"product_tag","embeddable":true,"href":"https:\/\/antiquariat-steinbach.com\/rarebooks\/wp-json\/wp\/v2\/product_tag?post=4545"}],"curies":[{"name":"wp","href":"https:\/\/api.w.org\/{rel}","templated":true}]}}