{"id":4533,"date":"2026-03-12T00:12:43","date_gmt":"2026-03-11T23:12:43","guid":{"rendered":"http:\/\/antiquariat-steinbach.com\/rarebooks\/produkt\/gustav-klimt-und-emilie-flaege-genie-und-talent-freundschaft-und-bessenheit\/"},"modified":"2026-03-12T00:12:45","modified_gmt":"2026-03-11T23:12:45","slug":"klimt-floege-fischer-wolfgang-georg-gustav-klimt-und-emilie-flaege-genie-und-talent-freundschaft-und-bessenheit","status":"publish","type":"product","link":"https:\/\/antiquariat-steinbach.com\/rarebooks\/produkt\/klimt-floege-fischer-wolfgang-georg-gustav-klimt-und-emilie-flaege-genie-und-talent-freundschaft-und-bessenheit\/","title":{"rendered":"Klimt &#8211; Fl\u00f6ge &#8211;   Fischer, Wolfgang Georg. &#8211;  Gustav Klimt und Emilie Fl\u00e4ge. Genie und Talent, Freundschaft und Bessenheit."},"content":{"rendered":"<p>Wien, Brandst\u00e4tter, 1987.<\/p>\n<p>29,5 : 24,5 cm. 200 Seiten mit 195 Abbildungen, davon 52 in Farbe. Original Leinenband mit farbig illustriertem Original Schutzumschlag.<\/p>\n<p>30,00 EUR<\/p>\n","protected":false},"excerpt":{"rendered":"<p>Beschreibt ausf\u00fchrlich mit Belegen und Hintergr\u00fcnden, die Verbindung zwischen Gustav Klimt und Emilie Fl\u00f6ge.<\/p>\n","protected":false},"featured_media":14871,"template":"","meta":[],"product_brand":[],"product_cat":[29,71,555,30,121,51,90,257,914],"product_tag":[],"class_list":{"0":"post-4533","1":"product","2":"type-product","3":"status-publish","4":"has-post-thumbnail","6":"product_cat-20-jahrhundert","7":"product_cat-austriaca","8":"product_cat-klimt","9":"product_cat-malerei","10":"product_cat-mode","11":"product_cat-textil","12":"product_cat-viennensia","13":"product_cat-wiener-werkstaette","14":"product_cat-zvab","16":"first","17":"instock","18":"purchasable","19":"product-type-simple"},"_links":{"self":[{"href":"https:\/\/antiquariat-steinbach.com\/rarebooks\/wp-json\/wp\/v2\/product\/4533","targetHints":{"allow":["GET"]}}],"collection":[{"href":"https:\/\/antiquariat-steinbach.com\/rarebooks\/wp-json\/wp\/v2\/product"}],"about":[{"href":"https:\/\/antiquariat-steinbach.com\/rarebooks\/wp-json\/wp\/v2\/types\/product"}],"version-history":[{"count":4,"href":"https:\/\/antiquariat-steinbach.com\/rarebooks\/wp-json\/wp\/v2\/product\/4533\/revisions"}],"predecessor-version":[{"id":27810,"href":"https:\/\/antiquariat-steinbach.com\/rarebooks\/wp-json\/wp\/v2\/product\/4533\/revisions\/27810"}],"wp:featuredmedia":[{"embeddable":true,"href":"https:\/\/antiquariat-steinbach.com\/rarebooks\/wp-json\/wp\/v2\/media\/14871"}],"wp:attachment":[{"href":"https:\/\/antiquariat-steinbach.com\/rarebooks\/wp-json\/wp\/v2\/media?parent=4533"}],"wp:term":[{"taxonomy":"product_brand","embeddable":true,"href":"https:\/\/antiquariat-steinbach.com\/rarebooks\/wp-json\/wp\/v2\/product_brand?post=4533"},{"taxonomy":"product_cat","embeddable":true,"href":"https:\/\/antiquariat-steinbach.com\/rarebooks\/wp-json\/wp\/v2\/product_cat?post=4533"},{"taxonomy":"product_tag","embeddable":true,"href":"https:\/\/antiquariat-steinbach.com\/rarebooks\/wp-json\/wp\/v2\/product_tag?post=4533"}],"curies":[{"name":"wp","href":"https:\/\/api.w.org\/{rel}","templated":true}]}}