{"id":453,"date":"2026-03-12T00:00:15","date_gmt":"2026-03-11T23:00:15","guid":{"rendered":"http:\/\/antiquariat-steinbach.com\/rarebooks\/produkt\/leszings-plagiate\/"},"modified":"2026-03-12T00:00:16","modified_gmt":"2026-03-11T23:00:16","slug":"albrecht-paul-leszings-plagiate","status":"publish","type":"product","link":"https:\/\/antiquariat-steinbach.com\/rarebooks\/produkt\/albrecht-paul-leszings-plagiate\/","title":{"rendered":"Albrecht, Paul: &#8211;  Leszing&#8217;s Plagiate."},"content":{"rendered":"<p>Hamburg, Albrecht 1888-1891.<\/p>\n<p>Teil 1 &#8211; 4 (von 6) in 4 B\u00e4nden. 22 : 15 cm. Leinenb\u00e4nde mit R\u00fcckenschild.<\/p>\n<p>180,00 EUR<\/p>\n","protected":false},"excerpt":{"rendered":"<p>Erste Ausgabe. &#8211; Das Werk zeugt von seltener Belesenheit, Original-Zitate aus dem Werk Lessings werden &#8218;plagiierten Stellen&#8216; der Weltliteratur gegen\u00fcbergestellt (linke\/rechte Buchseite). Dannach sind die meisten Gedichte und Fabeln, sowie die Dramen &#8218;Sara Simpson&#8216; und &#8218;Minna von Barnhelm&#8216; gestohlen. Trotz dieser philologisch einmaligen Leistung findet Paul Albrecht (Privatgelehrter, Arzt und Buchh\u00e4ndler 1851 &#8211; 1896?) keinen Eintrag in ADB, NDB, Br\u00fcmmer, Kosch u.v.a. &#8211; Laut MNE sind die Bogen 1-4,7-9, 115-117 nie verausgabt worden. Selten. &#8211; Goed. IV,1, 339 n; MNE I, 11 (&#8222;seltsames Werk&#8220;); Mucker 723 f (1890-91, BD.I S. 143-478),<\/p>\n","protected":false},"featured_media":9259,"template":"","meta":[],"product_brand":[],"product_cat":[32,102,103,914],"product_tag":[],"class_list":{"0":"post-453","1":"product","2":"type-product","3":"status-publish","4":"has-post-thumbnail","6":"product_cat-literatur","7":"product_cat-literaturwissenschaft","8":"product_cat-michael","9":"product_cat-zvab","11":"first","12":"instock","13":"purchasable","14":"product-type-simple"},"_links":{"self":[{"href":"https:\/\/antiquariat-steinbach.com\/rarebooks\/wp-json\/wp\/v2\/product\/453","targetHints":{"allow":["GET"]}}],"collection":[{"href":"https:\/\/antiquariat-steinbach.com\/rarebooks\/wp-json\/wp\/v2\/product"}],"about":[{"href":"https:\/\/antiquariat-steinbach.com\/rarebooks\/wp-json\/wp\/v2\/types\/product"}],"version-history":[{"count":3,"href":"https:\/\/antiquariat-steinbach.com\/rarebooks\/wp-json\/wp\/v2\/product\/453\/revisions"}],"predecessor-version":[{"id":18375,"href":"https:\/\/antiquariat-steinbach.com\/rarebooks\/wp-json\/wp\/v2\/product\/453\/revisions\/18375"}],"wp:featuredmedia":[{"embeddable":true,"href":"https:\/\/antiquariat-steinbach.com\/rarebooks\/wp-json\/wp\/v2\/media\/9259"}],"wp:attachment":[{"href":"https:\/\/antiquariat-steinbach.com\/rarebooks\/wp-json\/wp\/v2\/media?parent=453"}],"wp:term":[{"taxonomy":"product_brand","embeddable":true,"href":"https:\/\/antiquariat-steinbach.com\/rarebooks\/wp-json\/wp\/v2\/product_brand?post=453"},{"taxonomy":"product_cat","embeddable":true,"href":"https:\/\/antiquariat-steinbach.com\/rarebooks\/wp-json\/wp\/v2\/product_cat?post=453"},{"taxonomy":"product_tag","embeddable":true,"href":"https:\/\/antiquariat-steinbach.com\/rarebooks\/wp-json\/wp\/v2\/product_tag?post=453"}],"curies":[{"name":"wp","href":"https:\/\/api.w.org\/{rel}","templated":true}]}}