{"id":4515,"date":"2026-03-12T00:12:43","date_gmt":"2026-03-11T23:12:43","guid":{"rendered":"http:\/\/antiquariat-steinbach.com\/rarebooks\/produkt\/schwarzblatl-auf-wanderschaft\/"},"modified":"2026-03-12T00:12:44","modified_gmt":"2026-03-11T23:12:44","slug":"klesheim-anton-freiherr-von-schwarzblatl-auf-wanderschaft","status":"publish","type":"product","link":"https:\/\/antiquariat-steinbach.com\/rarebooks\/produkt\/klesheim-anton-freiherr-von-schwarzblatl-auf-wanderschaft\/","title":{"rendered":"Klesheim, Anton Freiherr von: &#8211;  Schwarzblatl auf Wanderschaft."},"content":{"rendered":"<p>Hamburg, Berendsohn 1852.<\/p>\n<p>15,5 : 12,5 cm. 2 Blatt, 375 Seiten Holzschnittitel, 4 Holzschnittafeln von H. Soltau. Illustrierter Original-Umschlag.<\/p>\n<p>60,00 EUR<\/p>\n","protected":false},"excerpt":{"rendered":"<p>Erste Ausgabe. &#8211; Unterhaltsamer Bericht des \u00f6sterreichischen Dichters und Schauspielers \u00fcber seine Vortragsreise mit Mundartdichtungen von Prag nach Dresden, Leipzig, Halle, Weimar, Berlin und Hamburg, Schwerin, Hannover, Rheinland, nach Stuttgart, Baden und Frankfurt. Dem K\u00f6nige von Preu\u00dfen Friedrich Wilhelm IV. zugeeignet. Enth\u00e4lt unter anderm Berichte \u00fcber Mainz, Darmstadt, Wiesbaden etc. Titelvignette mit der Darstellung des Stephansdoms in Wien, eine Ansicht von Berlin u.a. &#8211; Der Umschlag am Rand mit kleinen unbedeutenden Fehlstellen und Einrissen. &#8211; R\u00fcmann 2424; Br\u00fcmmer (6. Aufl.) IV, 15.<\/p>\n","protected":false},"featured_media":14864,"template":"","meta":[],"product_brand":[],"product_cat":[65,103,111,914],"product_tag":[],"class_list":{"0":"post-4515","1":"product","2":"type-product","3":"status-publish","4":"has-post-thumbnail","6":"product_cat-geographie","7":"product_cat-michael","8":"product_cat-varia","9":"product_cat-zvab","11":"first","12":"instock","13":"purchasable","14":"product-type-simple"},"_links":{"self":[{"href":"https:\/\/antiquariat-steinbach.com\/rarebooks\/wp-json\/wp\/v2\/product\/4515","targetHints":{"allow":["GET"]}}],"collection":[{"href":"https:\/\/antiquariat-steinbach.com\/rarebooks\/wp-json\/wp\/v2\/product"}],"about":[{"href":"https:\/\/antiquariat-steinbach.com\/rarebooks\/wp-json\/wp\/v2\/types\/product"}],"version-history":[{"count":3,"href":"https:\/\/antiquariat-steinbach.com\/rarebooks\/wp-json\/wp\/v2\/product\/4515\/revisions"}],"predecessor-version":[{"id":20272,"href":"https:\/\/antiquariat-steinbach.com\/rarebooks\/wp-json\/wp\/v2\/product\/4515\/revisions\/20272"}],"wp:featuredmedia":[{"embeddable":true,"href":"https:\/\/antiquariat-steinbach.com\/rarebooks\/wp-json\/wp\/v2\/media\/14864"}],"wp:attachment":[{"href":"https:\/\/antiquariat-steinbach.com\/rarebooks\/wp-json\/wp\/v2\/media?parent=4515"}],"wp:term":[{"taxonomy":"product_brand","embeddable":true,"href":"https:\/\/antiquariat-steinbach.com\/rarebooks\/wp-json\/wp\/v2\/product_brand?post=4515"},{"taxonomy":"product_cat","embeddable":true,"href":"https:\/\/antiquariat-steinbach.com\/rarebooks\/wp-json\/wp\/v2\/product_cat?post=4515"},{"taxonomy":"product_tag","embeddable":true,"href":"https:\/\/antiquariat-steinbach.com\/rarebooks\/wp-json\/wp\/v2\/product_tag?post=4515"}],"curies":[{"name":"wp","href":"https:\/\/api.w.org\/{rel}","templated":true}]}}