{"id":4513,"date":"2026-03-12T00:12:43","date_gmt":"2026-03-11T23:12:43","guid":{"rendered":"http:\/\/antiquariat-steinbach.com\/rarebooks\/produkt\/diaetische-kosmetik-oder-gesundheits-und-schoenheitspflege-der-aeusseren-erscheinung-des-menschen\/"},"modified":"2026-03-12T00:12:44","modified_gmt":"2026-03-11T23:12:44","slug":"klencke-hermann-diaetische-kosmetik-oder-gesundheits-und-schoenheitspflege-der-aeusseren-erscheinung-des-menschen","status":"publish","type":"product","link":"https:\/\/antiquariat-steinbach.com\/rarebooks\/produkt\/klencke-hermann-diaetische-kosmetik-oder-gesundheits-und-schoenheitspflege-der-aeusseren-erscheinung-des-menschen\/","title":{"rendered":"Klencke, Hermann: &#8211;  Di\u00e4tische Kosmetik oder Gesundheits- und Sch\u00f6nheitspflege der \u00e4u\u00dferen Erscheinung des Menschen."},"content":{"rendered":"<p>Leipzig, Kummer 1875.<\/p>\n<p>2. vermehrte Auflage. 19,5 : 13 cm. XVI, 687 Seiten Leinenband der Zeit mit R\u00fcckenvergoldung.<\/p>\n<p>100,00 EUR<\/p>\n","protected":false},"excerpt":{"rendered":"<p>\u00dcber die Sch\u00f6nheit im allgemeinen, die sch\u00f6ne Erscheinung und die Gesundheit, Toilette und Kosmetik, die \u00e4u\u00dfere Haut, die Sch\u00f6nheit des Geistes und die k\u00e4uflichen Sch\u00f6nheits- und Toilettenmittel und ihr Werth.<\/p>\n","protected":false},"featured_media":0,"template":"","meta":[],"product_brand":[],"product_cat":[58,59,179,914],"product_tag":[],"class_list":{"0":"post-4513","1":"product","2":"type-product","3":"status-publish","5":"product_cat-gastronomie","6":"product_cat-kulturgeschichte","7":"product_cat-medizin","8":"product_cat-zvab","10":"first","11":"instock","12":"purchasable","13":"product-type-simple"},"_links":{"self":[{"href":"https:\/\/antiquariat-steinbach.com\/rarebooks\/wp-json\/wp\/v2\/product\/4513","targetHints":{"allow":["GET"]}}],"collection":[{"href":"https:\/\/antiquariat-steinbach.com\/rarebooks\/wp-json\/wp\/v2\/product"}],"about":[{"href":"https:\/\/antiquariat-steinbach.com\/rarebooks\/wp-json\/wp\/v2\/types\/product"}],"version-history":[{"count":3,"href":"https:\/\/antiquariat-steinbach.com\/rarebooks\/wp-json\/wp\/v2\/product\/4513\/revisions"}],"predecessor-version":[{"id":20271,"href":"https:\/\/antiquariat-steinbach.com\/rarebooks\/wp-json\/wp\/v2\/product\/4513\/revisions\/20271"}],"wp:attachment":[{"href":"https:\/\/antiquariat-steinbach.com\/rarebooks\/wp-json\/wp\/v2\/media?parent=4513"}],"wp:term":[{"taxonomy":"product_brand","embeddable":true,"href":"https:\/\/antiquariat-steinbach.com\/rarebooks\/wp-json\/wp\/v2\/product_brand?post=4513"},{"taxonomy":"product_cat","embeddable":true,"href":"https:\/\/antiquariat-steinbach.com\/rarebooks\/wp-json\/wp\/v2\/product_cat?post=4513"},{"taxonomy":"product_tag","embeddable":true,"href":"https:\/\/antiquariat-steinbach.com\/rarebooks\/wp-json\/wp\/v2\/product_tag?post=4513"}],"curies":[{"name":"wp","href":"https:\/\/api.w.org\/{rel}","templated":true}]}}