{"id":4511,"date":"2026-03-12T00:12:43","date_gmt":"2026-03-11T23:12:43","guid":{"rendered":"http:\/\/antiquariat-steinbach.com\/rarebooks\/produkt\/chemisches-koch-und-wirthschaftsbuch-oder-die-naturwissenschaft-im-weiblichen-berufe\/"},"modified":"2026-03-12T00:12:44","modified_gmt":"2026-03-11T23:12:44","slug":"klencke-hermann-chemisches-koch-und-wirthschaftsbuch-oder-die-naturwissenschaft-im-weiblichen-berufe","status":"publish","type":"product","link":"https:\/\/antiquariat-steinbach.com\/rarebooks\/produkt\/klencke-hermann-chemisches-koch-und-wirthschaftsbuch-oder-die-naturwissenschaft-im-weiblichen-berufe\/","title":{"rendered":"Klencke, Hermann: &#8211;  Chemisches Koch- und Wirthschaftsbuch oder die Naturwissenschaft im weiblichen Berufe."},"content":{"rendered":"<p>Leipzig, Kummer 1867.<\/p>\n<p>2. vermehrte Auflage. 19 : 13 cm. XVI, 502 Seiten Leinenband der Zeit.<\/p>\n<p>80,00 EUR<\/p>\n","protected":false},"excerpt":{"rendered":"<p>Erkl\u00e4rt die naturwissenschaflichen Hintergr\u00fcnde von Ern\u00e4hrung und Kochkunst. &#8211; Einband etwas fleckig. &#8211; Weiss 1931; Vgl. Georg 1229 (3. Auflage); Drexel 99; Sammlung Alicke 3230..<\/p>\n","protected":false},"featured_media":27975,"template":"","meta":[],"product_brand":[],"product_cat":[81,58,112,914],"product_tag":[],"class_list":{"0":"post-4511","1":"product","2":"type-product","3":"status-publish","4":"has-post-thumbnail","6":"product_cat-chemie","7":"product_cat-gastronomie","8":"product_cat-kochbuecher","9":"product_cat-zvab","11":"first","12":"instock","13":"purchasable","14":"product-type-simple"},"_links":{"self":[{"href":"https:\/\/antiquariat-steinbach.com\/rarebooks\/wp-json\/wp\/v2\/product\/4511","targetHints":{"allow":["GET"]}}],"collection":[{"href":"https:\/\/antiquariat-steinbach.com\/rarebooks\/wp-json\/wp\/v2\/product"}],"about":[{"href":"https:\/\/antiquariat-steinbach.com\/rarebooks\/wp-json\/wp\/v2\/types\/product"}],"version-history":[{"count":3,"href":"https:\/\/antiquariat-steinbach.com\/rarebooks\/wp-json\/wp\/v2\/product\/4511\/revisions"}],"predecessor-version":[{"id":20270,"href":"https:\/\/antiquariat-steinbach.com\/rarebooks\/wp-json\/wp\/v2\/product\/4511\/revisions\/20270"}],"wp:featuredmedia":[{"embeddable":true,"href":"https:\/\/antiquariat-steinbach.com\/rarebooks\/wp-json\/wp\/v2\/media\/27975"}],"wp:attachment":[{"href":"https:\/\/antiquariat-steinbach.com\/rarebooks\/wp-json\/wp\/v2\/media?parent=4511"}],"wp:term":[{"taxonomy":"product_brand","embeddable":true,"href":"https:\/\/antiquariat-steinbach.com\/rarebooks\/wp-json\/wp\/v2\/product_brand?post=4511"},{"taxonomy":"product_cat","embeddable":true,"href":"https:\/\/antiquariat-steinbach.com\/rarebooks\/wp-json\/wp\/v2\/product_cat?post=4511"},{"taxonomy":"product_tag","embeddable":true,"href":"https:\/\/antiquariat-steinbach.com\/rarebooks\/wp-json\/wp\/v2\/product_tag?post=4511"}],"curies":[{"name":"wp","href":"https:\/\/api.w.org\/{rel}","templated":true}]}}