{"id":4495,"date":"2026-03-12T00:12:41","date_gmt":"2026-03-11T23:12:41","guid":{"rendered":"http:\/\/antiquariat-steinbach.com\/rarebooks\/produkt\/gastronomische-maerchen\/"},"modified":"2026-03-12T00:12:41","modified_gmt":"2026-03-11T23:12:41","slug":"kleinpaul-rudolf-gastronomische-maerchen","status":"publish","type":"product","link":"https:\/\/antiquariat-steinbach.com\/rarebooks\/produkt\/kleinpaul-rudolf-gastronomische-maerchen\/","title":{"rendered":"Kleinpaul, Rudolf. &#8211;  Gastronomische M\u00e4rchen."},"content":{"rendered":"<p>Leipzig, Friedrich, 1893.<\/p>\n<p>19,5 : 13,5 cm. X, 230 Seiten mit vielen Vignetten. Farbiger, original-Seideneinband.<\/p>\n<p>80,00 EUR<\/p>\n","protected":false},"excerpt":{"rendered":"<p>Erste und einzige Ausgabe dieser gastronomischen Plaudereien. In dem herrlichen Original-Einband in bestickter Seide mit Serviette und Tischtuch dekoriert, mit Gold- und Silberpr\u00e4gung, R\u00fcckentitel in Gold, goldene Vors\u00e4tze. &#8211; Kosch 8, 1282; Br\u00fcmmer 4,9.<\/p>\n","protected":false},"featured_media":25234,"template":"","meta":[],"product_brand":[],"product_cat":[58,59,137,914],"product_tag":[],"class_list":{"0":"post-4495","1":"product","2":"type-product","3":"status-publish","4":"has-post-thumbnail","6":"product_cat-gastronomie","7":"product_cat-kulturgeschichte","8":"product_cat-maerchen","9":"product_cat-zvab","11":"first","12":"instock","13":"purchasable","14":"product-type-simple"},"_links":{"self":[{"href":"https:\/\/antiquariat-steinbach.com\/rarebooks\/wp-json\/wp\/v2\/product\/4495","targetHints":{"allow":["GET"]}}],"collection":[{"href":"https:\/\/antiquariat-steinbach.com\/rarebooks\/wp-json\/wp\/v2\/product"}],"about":[{"href":"https:\/\/antiquariat-steinbach.com\/rarebooks\/wp-json\/wp\/v2\/types\/product"}],"version-history":[{"count":4,"href":"https:\/\/antiquariat-steinbach.com\/rarebooks\/wp-json\/wp\/v2\/product\/4495\/revisions"}],"predecessor-version":[{"id":25233,"href":"https:\/\/antiquariat-steinbach.com\/rarebooks\/wp-json\/wp\/v2\/product\/4495\/revisions\/25233"}],"wp:featuredmedia":[{"embeddable":true,"href":"https:\/\/antiquariat-steinbach.com\/rarebooks\/wp-json\/wp\/v2\/media\/25234"}],"wp:attachment":[{"href":"https:\/\/antiquariat-steinbach.com\/rarebooks\/wp-json\/wp\/v2\/media?parent=4495"}],"wp:term":[{"taxonomy":"product_brand","embeddable":true,"href":"https:\/\/antiquariat-steinbach.com\/rarebooks\/wp-json\/wp\/v2\/product_brand?post=4495"},{"taxonomy":"product_cat","embeddable":true,"href":"https:\/\/antiquariat-steinbach.com\/rarebooks\/wp-json\/wp\/v2\/product_cat?post=4495"},{"taxonomy":"product_tag","embeddable":true,"href":"https:\/\/antiquariat-steinbach.com\/rarebooks\/wp-json\/wp\/v2\/product_tag?post=4495"}],"curies":[{"name":"wp","href":"https:\/\/api.w.org\/{rel}","templated":true}]}}