{"id":4427,"date":"2026-03-12T00:12:32","date_gmt":"2026-03-11T23:12:32","guid":{"rendered":"http:\/\/antiquariat-steinbach.com\/rarebooks\/produkt\/pflanzenleben\/"},"modified":"2026-03-12T00:12:33","modified_gmt":"2026-03-11T23:12:33","slug":"kerner-v-marilaun-anton-pflanzenleben","status":"publish","type":"product","link":"https:\/\/antiquariat-steinbach.com\/rarebooks\/produkt\/kerner-v-marilaun-anton-pflanzenleben\/","title":{"rendered":"Kerner v. Marilaun, Anton: &#8211;  Pflanzenleben."},"content":{"rendered":"<p>Leipzig und Wien, Bibliographisches Institut 1913 &#8211; 1916.<\/p>\n<p>3. Auflage. 3 B\u00e4nde. Mit 100 (50 farbigen, 7 doppelblattgro\u00dfen) Tafeln und 472 Abbildungen. Original-Halblederb\u00e4nde.<\/p>\n<p>60,00 EUR<\/p>\n","protected":false},"excerpt":{"rendered":"<p>Der Verfasser (1831-1898) Botaniker in Wien, Professor und Direktor des Botanischen Gartens, arbeitet haupts\u00e4chlich systematisch, \u00f6kologisch und pflanzengeographisch. Er war einer der besten volkst\u00fcmlichen botanischen Schriftsteller. &#8211; Einb\u00e4nde etwas berieben und fleckig.<\/p>\n","protected":false},"featured_media":0,"template":"","meta":[],"product_brand":[],"product_cat":[37,914],"product_tag":[],"class_list":{"0":"post-4427","1":"product","2":"type-product","3":"status-publish","5":"product_cat-botanik","6":"product_cat-zvab","8":"first","9":"instock","10":"purchasable","11":"product-type-simple"},"_links":{"self":[{"href":"https:\/\/antiquariat-steinbach.com\/rarebooks\/wp-json\/wp\/v2\/product\/4427","targetHints":{"allow":["GET"]}}],"collection":[{"href":"https:\/\/antiquariat-steinbach.com\/rarebooks\/wp-json\/wp\/v2\/product"}],"about":[{"href":"https:\/\/antiquariat-steinbach.com\/rarebooks\/wp-json\/wp\/v2\/types\/product"}],"version-history":[{"count":3,"href":"https:\/\/antiquariat-steinbach.com\/rarebooks\/wp-json\/wp\/v2\/product\/4427\/revisions"}],"predecessor-version":[{"id":20228,"href":"https:\/\/antiquariat-steinbach.com\/rarebooks\/wp-json\/wp\/v2\/product\/4427\/revisions\/20228"}],"wp:attachment":[{"href":"https:\/\/antiquariat-steinbach.com\/rarebooks\/wp-json\/wp\/v2\/media?parent=4427"}],"wp:term":[{"taxonomy":"product_brand","embeddable":true,"href":"https:\/\/antiquariat-steinbach.com\/rarebooks\/wp-json\/wp\/v2\/product_brand?post=4427"},{"taxonomy":"product_cat","embeddable":true,"href":"https:\/\/antiquariat-steinbach.com\/rarebooks\/wp-json\/wp\/v2\/product_cat?post=4427"},{"taxonomy":"product_tag","embeddable":true,"href":"https:\/\/antiquariat-steinbach.com\/rarebooks\/wp-json\/wp\/v2\/product_tag?post=4427"}],"curies":[{"name":"wp","href":"https:\/\/api.w.org\/{rel}","templated":true}]}}