{"id":4415,"date":"2026-03-12T00:22:31","date_gmt":"2026-03-11T23:22:31","guid":{"rendered":"http:\/\/antiquariat-steinbach.com\/rarebooks\/produkt\/zweite-reisekarte-der-schweiz\/"},"modified":"2026-03-12T00:22:33","modified_gmt":"2026-03-11T23:22:33","slug":"schweiz-kellers-zweite-reisekarte-der-schweiz","status":"publish","type":"product","link":"https:\/\/antiquariat-steinbach.com\/rarebooks\/produkt\/schweiz-kellers-zweite-reisekarte-der-schweiz\/","title":{"rendered":"Schweiz &#8211;   Keller&#8217;s: &#8211;  Zweite Reisekarte der Schweiz."},"content":{"rendered":"<p>Z\u00fcrich, Keller o.J. (um 1860).<\/p>\n<p>54 : 78 bzw. 11,5 : 22 cm. Grenzkolorierte, gestochene Karte. Original-Leinenband.<\/p>\n<p>160,00 EUR<\/p>\n","protected":false},"excerpt":{"rendered":"<p>Mit Beikarte vom \u00f6sterreichischen Kreis Vorarlberg, franz. Dept. du Jura, H\u00f6henprofile, Zeichen-Erkl\u00e4rungen, Maasst\u00e4be, Sprachregionen,    Fl\u00e4cheninhalt etc. 15 Segmente auf Leinen aufgezogen und gefaltet.<\/p>\n","protected":false},"featured_media":0,"template":"","meta":[],"product_brand":[],"product_cat":[65,100,120,914],"product_tag":[],"class_list":{"0":"post-4415","1":"product","2":"type-product","3":"status-publish","5":"product_cat-geographie","6":"product_cat-helvetica","7":"product_cat-landkarten","8":"product_cat-zvab","10":"first","11":"instock","12":"purchasable","13":"product-type-simple"},"_links":{"self":[{"href":"https:\/\/antiquariat-steinbach.com\/rarebooks\/wp-json\/wp\/v2\/product\/4415","targetHints":{"allow":["GET"]}}],"collection":[{"href":"https:\/\/antiquariat-steinbach.com\/rarebooks\/wp-json\/wp\/v2\/product"}],"about":[{"href":"https:\/\/antiquariat-steinbach.com\/rarebooks\/wp-json\/wp\/v2\/types\/product"}],"version-history":[{"count":4,"href":"https:\/\/antiquariat-steinbach.com\/rarebooks\/wp-json\/wp\/v2\/product\/4415\/revisions"}],"predecessor-version":[{"id":28802,"href":"https:\/\/antiquariat-steinbach.com\/rarebooks\/wp-json\/wp\/v2\/product\/4415\/revisions\/28802"}],"wp:attachment":[{"href":"https:\/\/antiquariat-steinbach.com\/rarebooks\/wp-json\/wp\/v2\/media?parent=4415"}],"wp:term":[{"taxonomy":"product_brand","embeddable":true,"href":"https:\/\/antiquariat-steinbach.com\/rarebooks\/wp-json\/wp\/v2\/product_brand?post=4415"},{"taxonomy":"product_cat","embeddable":true,"href":"https:\/\/antiquariat-steinbach.com\/rarebooks\/wp-json\/wp\/v2\/product_cat?post=4415"},{"taxonomy":"product_tag","embeddable":true,"href":"https:\/\/antiquariat-steinbach.com\/rarebooks\/wp-json\/wp\/v2\/product_tag?post=4415"}],"curies":[{"name":"wp","href":"https:\/\/api.w.org\/{rel}","templated":true}]}}